{"id":159,"date":"2013-09-14T18:07:13","date_gmt":"2013-09-14T18:07:13","guid":{"rendered":"http:\/\/escapade-tunisie.com\/voyages\/?page_id=159"},"modified":"2014-01-31T22:13:27","modified_gmt":"2014-01-31T21:13:27","slug":"reservation","status":"publish","type":"page","link":"http:\/\/escapade-tunisie.com\/voyages\/reservation\/","title":{"rendered":"R\u00e9servation"},"content":{"rendered":"\n\t\t<div class='et_quote'>\n\t\t\t<div class='et_right_quote'>\n\t\t\t\t<p>Vous souhaitez r\u00e9server une escapade ?<\/p>\n<p>Vous la pr\u00e9f\u00e9rez \u00e0 la carte ? Vous avez des souhaits particuliers ? D&rsquo;autres envies ?<\/p>\n<p>Vous voulez simplement d&rsquo;autres infos ?<\/p>\n\t\t\t\t\n\t\t\t<\/div>\n\t\t\t<span class='et_quote_sign'><\/span>\n\t\t<\/div>\n\t\n<p><em>Compl\u00e9tez le formulaire ci-dessous en s\u00e9lectionnant l&rsquo;escapade qui vous tente et cliquez sur \u00ab\u00a0Envoyer\u00a0\u00bb. Je vous r\u00e9pondrai au plus vite&#8230;<\/em><\/p>\n<p><em>Au plaisir de vous lire,<\/em><\/p>\n<p><em>Christine<\/em><\/p>\n<p>&nbsp;<\/p>\n\n<div class=\"wpcf7 no-js\" id=\"wpcf7-f165-o1\" lang=\"fr-FR\" dir=\"ltr\">\n<div class=\"screen-reader-response\"><p role=\"status\" aria-live=\"polite\" aria-atomic=\"true\"><\/p> <ul><\/ul><\/div>\n<form action=\"\/voyages\/wp-json\/wp\/v2\/pages\/159#wpcf7-f165-o1\" method=\"post\" class=\"wpcf7-form init\" aria-label=\"Formulaire de contact\" novalidate=\"novalidate\" data-status=\"init\">\n<div style=\"display: none;\">\n<input type=\"hidden\" name=\"_wpcf7\" value=\"165\" \/>\n<input type=\"hidden\" name=\"_wpcf7_version\" value=\"5.9.3\" \/>\n<input type=\"hidden\" name=\"_wpcf7_locale\" value=\"fr_FR\" \/>\n<input type=\"hidden\" name=\"_wpcf7_unit_tag\" value=\"wpcf7-f165-o1\" \/>\n<input type=\"hidden\" name=\"_wpcf7_container_post\" value=\"0\" \/>\n<input type=\"hidden\" name=\"_wpcf7_posted_data_hash\" value=\"\" \/>\n<input type=\"hidden\" name=\"_wpcf7_recaptcha_response\" value=\"\" \/>\n<\/div>\n<p>Votre nom (obligatoire)\n<\/p>\n<p><span class=\"wpcf7-form-control-wrap\" data-name=\"your-name\"><input size=\"40\" class=\"wpcf7-form-control wpcf7-text wpcf7-validates-as-required\" aria-required=\"true\" aria-invalid=\"false\" value=\"\" type=\"text\" name=\"your-name\" \/><\/span>\n<\/p>\n<p>Votre email (obligatoire)\n<\/p>\n<p><span class=\"wpcf7-form-control-wrap\" data-name=\"email-952\"><input size=\"40\" class=\"wpcf7-form-control wpcf7-email wpcf7-validates-as-required wpcf7-text wpcf7-validates-as-email\" aria-required=\"true\" aria-invalid=\"false\" value=\"\" type=\"email\" name=\"email-952\" \/><\/span>\n<\/p>\n<p>Sujet\n<\/p>\n<p><span class=\"wpcf7-form-control-wrap\" data-name=\"your-subject\"><input size=\"40\" class=\"wpcf7-form-control wpcf7-text\" aria-invalid=\"false\" value=\"\" type=\"text\" name=\"your-subject\" \/><\/span>\n<\/p>\n<p>Votre message\n<\/p>\n<p><span class=\"wpcf7-form-control-wrap\" data-name=\"your-message\"><textarea cols=\"40\" rows=\"10\" class=\"wpcf7-form-control wpcf7-textarea\" aria-invalid=\"false\" name=\"your-message\"><\/textarea><\/span>\n<\/p>\n<p><input class=\"wpcf7-form-control wpcf7-submit has-spinner\" type=\"submit\" value=\"Envoyer\" \/>\n<\/p><p style=\"display: none !important;\" class=\"akismet-fields-container\" data-prefix=\"_wpcf7_ak_\"><label>&#916;<textarea name=\"_wpcf7_ak_hp_textarea\" cols=\"45\" rows=\"8\" maxlength=\"100\"><\/textarea><\/label><input type=\"hidden\" id=\"ak_js_1\" name=\"_wpcf7_ak_js\" value=\"159\"\/><script>document.getElementById( \"ak_js_1\" ).setAttribute( \"value\", ( new Date() ).getTime() );<\/script><\/p><div class=\"wpcf7-response-output\" aria-hidden=\"true\"><\/div>\n<\/form>\n<\/div>\n\n","protected":false},"excerpt":{"rendered":"<p>Compl\u00e9tez le formulaire ci-dessous en s\u00e9lectionnant l&rsquo;escapade qui vous tente et cliquez sur \u00ab\u00a0Envoyer\u00a0\u00bb. Je vous r\u00e9pondrai au plus vite&#8230; Au plaisir de vous lire, Christine &nbsp;<\/p>\n","protected":false},"author":1,"featured_media":0,"parent":0,"menu_order":0,"comment_status":"closed","ping_status":"closed","template":"","meta":{"footnotes":""},"yoast_head":"<!-- This site is optimized with the Yoast SEO plugin v22.5 - https:\/\/yoast.com\/wordpress\/plugins\/seo\/ -->\n<title>R\u00e9servation, Escapade-Tunisie.com \/ Voyages<\/title>\n<meta name=\"description\" content=\"Compl\u00e9tez le formulaire ci-dessous en s\u00e9lectionnant l&#039;escapade qui vous tente et cliquez sur &quot;Envoyer&quot;. Je vous r\u00e9pondrai au plus vite... Au plaisir de\" \/>\n<meta name=\"robots\" content=\"index, follow, max-snippet:-1, max-image-preview:large, max-video-preview:-1\" \/>\n<link rel=\"canonical\" href=\"http:\/\/escapade-tunisie.com\/voyages\/reservation\/\" \/>\n<meta property=\"og:locale\" content=\"fr_FR\" \/>\n<meta property=\"og:type\" content=\"article\" \/>\n<meta property=\"og:title\" content=\"R\u00e9servation, Escapade-Tunisie.com \/ Voyages\" \/>\n<meta property=\"og:description\" content=\"Compl\u00e9tez le formulaire ci-dessous en s\u00e9lectionnant l&#039;escapade qui vous tente et cliquez sur &quot;Envoyer&quot;. Je vous r\u00e9pondrai au plus vite... Au plaisir de\" \/>\n<meta property=\"og:url\" content=\"http:\/\/escapade-tunisie.com\/voyages\/reservation\/\" \/>\n<meta property=\"og:site_name\" content=\"Escapade-Tunisie.com \/ Voyages\" \/>\n<meta property=\"article:publisher\" content=\"https:\/\/www.facebook.com\/TerraNomadisTunisie\" \/>\n<meta property=\"article:modified_time\" content=\"2014-01-31T21:13:27+00:00\" \/>\n<script type=\"application\/ld+json\" class=\"yoast-schema-graph\">{\"@context\":\"https:\/\/schema.org\",\"@graph\":[{\"@type\":\"WebPage\",\"@id\":\"http:\/\/escapade-tunisie.com\/voyages\/reservation\/\",\"url\":\"http:\/\/escapade-tunisie.com\/voyages\/reservation\/\",\"name\":\"R\u00e9servation, Escapade-Tunisie.com \/ Voyages\",\"isPartOf\":{\"@id\":\"https:\/\/escapade-tunisie.com\/voyages\/#website\"},\"datePublished\":\"2013-09-14T18:07:13+00:00\",\"dateModified\":\"2014-01-31T21:13:27+00:00\",\"description\":\"Compl\u00e9tez le formulaire ci-dessous en s\u00e9lectionnant l'escapade qui vous tente et cliquez sur \\\"Envoyer\\\". Je vous r\u00e9pondrai au plus vite... Au plaisir de\",\"breadcrumb\":{\"@id\":\"http:\/\/escapade-tunisie.com\/voyages\/reservation\/#breadcrumb\"},\"inLanguage\":\"fr-FR\",\"potentialAction\":[{\"@type\":\"ReadAction\",\"target\":[\"http:\/\/escapade-tunisie.com\/voyages\/reservation\/\"]}]},{\"@type\":\"BreadcrumbList\",\"@id\":\"http:\/\/escapade-tunisie.com\/voyages\/reservation\/#breadcrumb\",\"itemListElement\":[{\"@type\":\"ListItem\",\"position\":1,\"name\":\"Escapade-Tunisie.com\",\"item\":\"https:\/\/escapade-tunisie.com\/voyages\/\"},{\"@type\":\"ListItem\",\"position\":2,\"name\":\"R\u00e9servation\"}]},{\"@type\":\"WebSite\",\"@id\":\"https:\/\/escapade-tunisie.com\/voyages\/#website\",\"url\":\"https:\/\/escapade-tunisie.com\/voyages\/\",\"name\":\"Escapade-Tunisie.com \/ Voyages\",\"description\":\"\",\"potentialAction\":[{\"@type\":\"SearchAction\",\"target\":{\"@type\":\"EntryPoint\",\"urlTemplate\":\"https:\/\/escapade-tunisie.com\/voyages\/?s={search_term_string}\"},\"query-input\":\"required name=search_term_string\"}],\"inLanguage\":\"fr-FR\"}]}<\/script>\n<!-- \/ Yoast SEO plugin. -->","yoast_head_json":{"title":"R\u00e9servation, Escapade-Tunisie.com \/ Voyages","description":"Compl\u00e9tez le formulaire ci-dessous en s\u00e9lectionnant l'escapade qui vous tente et cliquez sur \"Envoyer\". Je vous r\u00e9pondrai au plus vite... Au plaisir de","robots":{"index":"index","follow":"follow","max-snippet":"max-snippet:-1","max-image-preview":"max-image-preview:large","max-video-preview":"max-video-preview:-1"},"canonical":"http:\/\/escapade-tunisie.com\/voyages\/reservation\/","og_locale":"fr_FR","og_type":"article","og_title":"R\u00e9servation, Escapade-Tunisie.com \/ Voyages","og_description":"Compl\u00e9tez le formulaire ci-dessous en s\u00e9lectionnant l'escapade qui vous tente et cliquez sur \"Envoyer\". Je vous r\u00e9pondrai au plus vite... Au plaisir de","og_url":"http:\/\/escapade-tunisie.com\/voyages\/reservation\/","og_site_name":"Escapade-Tunisie.com \/ Voyages","article_publisher":"https:\/\/www.facebook.com\/TerraNomadisTunisie","article_modified_time":"2014-01-31T21:13:27+00:00","schema":{"@context":"https:\/\/schema.org","@graph":[{"@type":"WebPage","@id":"http:\/\/escapade-tunisie.com\/voyages\/reservation\/","url":"http:\/\/escapade-tunisie.com\/voyages\/reservation\/","name":"R\u00e9servation, Escapade-Tunisie.com \/ Voyages","isPartOf":{"@id":"https:\/\/escapade-tunisie.com\/voyages\/#website"},"datePublished":"2013-09-14T18:07:13+00:00","dateModified":"2014-01-31T21:13:27+00:00","description":"Compl\u00e9tez le formulaire ci-dessous en s\u00e9lectionnant l'escapade qui vous tente et cliquez sur \"Envoyer\". Je vous r\u00e9pondrai au plus vite... Au plaisir de","breadcrumb":{"@id":"http:\/\/escapade-tunisie.com\/voyages\/reservation\/#breadcrumb"},"inLanguage":"fr-FR","potentialAction":[{"@type":"ReadAction","target":["http:\/\/escapade-tunisie.com\/voyages\/reservation\/"]}]},{"@type":"BreadcrumbList","@id":"http:\/\/escapade-tunisie.com\/voyages\/reservation\/#breadcrumb","itemListElement":[{"@type":"ListItem","position":1,"name":"Escapade-Tunisie.com","item":"https:\/\/escapade-tunisie.com\/voyages\/"},{"@type":"ListItem","position":2,"name":"R\u00e9servation"}]},{"@type":"WebSite","@id":"https:\/\/escapade-tunisie.com\/voyages\/#website","url":"https:\/\/escapade-tunisie.com\/voyages\/","name":"Escapade-Tunisie.com \/ Voyages","description":"","potentialAction":[{"@type":"SearchAction","target":{"@type":"EntryPoint","urlTemplate":"https:\/\/escapade-tunisie.com\/voyages\/?s={search_term_string}"},"query-input":"required name=search_term_string"}],"inLanguage":"fr-FR"}]}},"jetpack_sharing_enabled":true,"jetpack_shortlink":"https:\/\/wp.me\/P3V6Ha-2z","jetpack_likes_enabled":true,"_links":{"self":[{"href":"http:\/\/escapade-tunisie.com\/voyages\/wp-json\/wp\/v2\/pages\/159"}],"collection":[{"href":"http:\/\/escapade-tunisie.com\/voyages\/wp-json\/wp\/v2\/pages"}],"about":[{"href":"http:\/\/escapade-tunisie.com\/voyages\/wp-json\/wp\/v2\/types\/page"}],"author":[{"embeddable":true,"href":"http:\/\/escapade-tunisie.com\/voyages\/wp-json\/wp\/v2\/users\/1"}],"replies":[{"embeddable":true,"href":"http:\/\/escapade-tunisie.com\/voyages\/wp-json\/wp\/v2\/comments?post=159"}],"version-history":[{"count":0,"href":"http:\/\/escapade-tunisie.com\/voyages\/wp-json\/wp\/v2\/pages\/159\/revisions"}],"wp:attachment":[{"href":"http:\/\/escapade-tunisie.com\/voyages\/wp-json\/wp\/v2\/media?parent=159"}],"curies":[{"name":"wp","href":"https:\/\/api.w.org\/{rel}","templated":true}]}}