{"id":149,"date":"2013-09-13T18:29:06","date_gmt":"2013-09-13T18:29:06","guid":{"rendered":"http:\/\/escapade-tunisie.com\/voyages\/?page_id=149"},"modified":"2013-09-14T16:57:13","modified_gmt":"2013-09-14T16:57:13","slug":"abonnement","status":"publish","type":"page","link":"https:\/\/escapade-tunisie.com\/voyages\/abonnement\/","title":{"rendered":"Abonnement"},"content":{"rendered":"<p><!-- Begin MailChimp Signup Form --><\/p>\n<link href=\"\/\/cdn-images.mailchimp.com\/embedcode\/classic-081711.css\" rel=\"stylesheet\" type=\"text\/css\" \/>\n<style type=\"text\/css\"><!--\n#mc_embed_signup{background:#fff; clear:left; font:14px Helvetica,Arial,sans-serif; }\n\/* Add your own MailChimp form style overrides in your site stylesheet or in this style block.\nWe recommend moving this block and the preceding CSS link to the HEAD of your HTML file. *\/\n--><\/style>\n<div id=\"mc_embed_signup\">\n<form class=\"validate\" id=\"mc-embedded-subscribe-form\" action=\"http:\/\/escapade-tunisie.us2.list-manage.com\/subscribe\/post?u=ddaa8e58a9e1b1a666558b1be&amp;id=2dbba1e741\" method=\"post\" name=\"mc-embedded-subscribe-form\" novalidate=\"\" target=\"_blank\">\n<h2>Soyez les premiers inform\u00e9s !<\/h2>\n<h2>Recevez les prochaines escapades et des offres sp\u00e9ciales dans votre boite mails !<\/h2>\n<div class=\"indicates-required\"><span class=\"asterisk\">*<\/span> champs obligatoires<\/div>\n<div class=\"mc-field-group\"><label for=\"mce-FNAME\">Votre pr\u00e9nom <span class=\"asterisk\">*<\/span><br \/>\n<\/label><br \/>\n<input class=\"required\" id=\"mce-FNAME\" type=\"text\" name=\"FNAME\" value=\"\" \/><\/div>\n<div class=\"mc-field-group\"><label for=\"mce-EMAIL\">Votre Email <span class=\"asterisk\">*<\/span><br \/>\n<\/label><br \/>\n<input class=\"required email\" id=\"mce-EMAIL\" type=\"email\" name=\"EMAIL\" value=\"\" \/><\/div>\n<div class=\"clear\" id=\"mce-responses\"><\/div>\n<div class=\"clear\"><input class=\"button\" id=\"mc-embedded-subscribe\" type=\"submit\" name=\"subscribe\" value=\"C'est parti !\" \/><\/div>\n<\/form>\n<\/div>\n<p><!--End mc_embed_signup--><\/p>\n","protected":false},"excerpt":{"rendered":"<p>Soyez les premiers inform\u00e9s ! Recevez les prochaines escapades et des offres sp\u00e9ciales dans votre boite mails ! * champs obligatoires Votre pr\u00e9nom * Votre Email *<\/p>\n","protected":false},"author":1,"featured_media":0,"parent":0,"menu_order":0,"comment_status":"closed","ping_status":"closed","template":"","meta":{"footnotes":""},"yoast_head":"<!-- This site is optimized with the Yoast SEO plugin v22.5 - https:\/\/yoast.com\/wordpress\/plugins\/seo\/ -->\n<title>Abonnement, Escapade-Tunisie.com \/ Voyages<\/title>\n<meta name=\"description\" content=\"Soyez les premiers inform\u00e9s ! Recevez les prochaines escapades et des offres sp\u00e9ciales dans votre boite mails ! * champs obligatoires Votre pr\u00e9nom * Votre\" \/>\n<meta name=\"robots\" content=\"index, follow, max-snippet:-1, max-image-preview:large, max-video-preview:-1\" \/>\n<link rel=\"canonical\" href=\"https:\/\/escapade-tunisie.com\/voyages\/abonnement\/\" \/>\n<meta property=\"og:locale\" content=\"fr_FR\" \/>\n<meta property=\"og:type\" content=\"article\" \/>\n<meta property=\"og:title\" content=\"Abonnement, Escapade-Tunisie.com \/ Voyages\" \/>\n<meta property=\"og:description\" content=\"Soyez les premiers inform\u00e9s ! Recevez les prochaines escapades et des offres sp\u00e9ciales dans votre boite mails ! * champs obligatoires Votre pr\u00e9nom * Votre\" \/>\n<meta property=\"og:url\" content=\"https:\/\/escapade-tunisie.com\/voyages\/abonnement\/\" \/>\n<meta property=\"og:site_name\" content=\"Escapade-Tunisie.com \/ Voyages\" \/>\n<meta property=\"article:publisher\" content=\"https:\/\/www.facebook.com\/TerraNomadisTunisie\" \/>\n<meta property=\"article:modified_time\" content=\"2013-09-14T16:57:13+00:00\" \/>\n<script type=\"application\/ld+json\" class=\"yoast-schema-graph\">{\"@context\":\"https:\/\/schema.org\",\"@graph\":[{\"@type\":\"WebPage\",\"@id\":\"https:\/\/escapade-tunisie.com\/voyages\/abonnement\/\",\"url\":\"https:\/\/escapade-tunisie.com\/voyages\/abonnement\/\",\"name\":\"Abonnement, Escapade-Tunisie.com \/ Voyages\",\"isPartOf\":{\"@id\":\"https:\/\/escapade-tunisie.com\/voyages\/#website\"},\"datePublished\":\"2013-09-13T18:29:06+00:00\",\"dateModified\":\"2013-09-14T16:57:13+00:00\",\"description\":\"Soyez les premiers inform\u00e9s ! Recevez les prochaines escapades et des offres sp\u00e9ciales dans votre boite mails ! * champs obligatoires Votre pr\u00e9nom * Votre\",\"breadcrumb\":{\"@id\":\"https:\/\/escapade-tunisie.com\/voyages\/abonnement\/#breadcrumb\"},\"inLanguage\":\"fr-FR\",\"potentialAction\":[{\"@type\":\"ReadAction\",\"target\":[\"https:\/\/escapade-tunisie.com\/voyages\/abonnement\/\"]}]},{\"@type\":\"BreadcrumbList\",\"@id\":\"https:\/\/escapade-tunisie.com\/voyages\/abonnement\/#breadcrumb\",\"itemListElement\":[{\"@type\":\"ListItem\",\"position\":1,\"name\":\"Escapade-Tunisie.com\",\"item\":\"https:\/\/escapade-tunisie.com\/voyages\/\"},{\"@type\":\"ListItem\",\"position\":2,\"name\":\"Abonnement\"}]},{\"@type\":\"WebSite\",\"@id\":\"https:\/\/escapade-tunisie.com\/voyages\/#website\",\"url\":\"https:\/\/escapade-tunisie.com\/voyages\/\",\"name\":\"Escapade-Tunisie.com \/ Voyages\",\"description\":\"\",\"potentialAction\":[{\"@type\":\"SearchAction\",\"target\":{\"@type\":\"EntryPoint\",\"urlTemplate\":\"https:\/\/escapade-tunisie.com\/voyages\/?s={search_term_string}\"},\"query-input\":\"required name=search_term_string\"}],\"inLanguage\":\"fr-FR\"}]}<\/script>\n<!-- \/ Yoast SEO plugin. -->","yoast_head_json":{"title":"Abonnement, Escapade-Tunisie.com \/ Voyages","description":"Soyez les premiers inform\u00e9s ! Recevez les prochaines escapades et des offres sp\u00e9ciales dans votre boite mails ! * champs obligatoires Votre pr\u00e9nom * Votre","robots":{"index":"index","follow":"follow","max-snippet":"max-snippet:-1","max-image-preview":"max-image-preview:large","max-video-preview":"max-video-preview:-1"},"canonical":"https:\/\/escapade-tunisie.com\/voyages\/abonnement\/","og_locale":"fr_FR","og_type":"article","og_title":"Abonnement, Escapade-Tunisie.com \/ Voyages","og_description":"Soyez les premiers inform\u00e9s ! Recevez les prochaines escapades et des offres sp\u00e9ciales dans votre boite mails ! * champs obligatoires Votre pr\u00e9nom * Votre","og_url":"https:\/\/escapade-tunisie.com\/voyages\/abonnement\/","og_site_name":"Escapade-Tunisie.com \/ Voyages","article_publisher":"https:\/\/www.facebook.com\/TerraNomadisTunisie","article_modified_time":"2013-09-14T16:57:13+00:00","schema":{"@context":"https:\/\/schema.org","@graph":[{"@type":"WebPage","@id":"https:\/\/escapade-tunisie.com\/voyages\/abonnement\/","url":"https:\/\/escapade-tunisie.com\/voyages\/abonnement\/","name":"Abonnement, Escapade-Tunisie.com \/ Voyages","isPartOf":{"@id":"https:\/\/escapade-tunisie.com\/voyages\/#website"},"datePublished":"2013-09-13T18:29:06+00:00","dateModified":"2013-09-14T16:57:13+00:00","description":"Soyez les premiers inform\u00e9s ! Recevez les prochaines escapades et des offres sp\u00e9ciales dans votre boite mails ! * champs obligatoires Votre pr\u00e9nom * Votre","breadcrumb":{"@id":"https:\/\/escapade-tunisie.com\/voyages\/abonnement\/#breadcrumb"},"inLanguage":"fr-FR","potentialAction":[{"@type":"ReadAction","target":["https:\/\/escapade-tunisie.com\/voyages\/abonnement\/"]}]},{"@type":"BreadcrumbList","@id":"https:\/\/escapade-tunisie.com\/voyages\/abonnement\/#breadcrumb","itemListElement":[{"@type":"ListItem","position":1,"name":"Escapade-Tunisie.com","item":"https:\/\/escapade-tunisie.com\/voyages\/"},{"@type":"ListItem","position":2,"name":"Abonnement"}]},{"@type":"WebSite","@id":"https:\/\/escapade-tunisie.com\/voyages\/#website","url":"https:\/\/escapade-tunisie.com\/voyages\/","name":"Escapade-Tunisie.com \/ Voyages","description":"","potentialAction":[{"@type":"SearchAction","target":{"@type":"EntryPoint","urlTemplate":"https:\/\/escapade-tunisie.com\/voyages\/?s={search_term_string}"},"query-input":"required name=search_term_string"}],"inLanguage":"fr-FR"}]}},"jetpack_sharing_enabled":true,"jetpack_shortlink":"https:\/\/wp.me\/P3V6Ha-2p","jetpack_likes_enabled":true,"_links":{"self":[{"href":"https:\/\/escapade-tunisie.com\/voyages\/wp-json\/wp\/v2\/pages\/149"}],"collection":[{"href":"https:\/\/escapade-tunisie.com\/voyages\/wp-json\/wp\/v2\/pages"}],"about":[{"href":"https:\/\/escapade-tunisie.com\/voyages\/wp-json\/wp\/v2\/types\/page"}],"author":[{"embeddable":true,"href":"https:\/\/escapade-tunisie.com\/voyages\/wp-json\/wp\/v2\/users\/1"}],"replies":[{"embeddable":true,"href":"https:\/\/escapade-tunisie.com\/voyages\/wp-json\/wp\/v2\/comments?post=149"}],"version-history":[{"count":0,"href":"https:\/\/escapade-tunisie.com\/voyages\/wp-json\/wp\/v2\/pages\/149\/revisions"}],"wp:attachment":[{"href":"https:\/\/escapade-tunisie.com\/voyages\/wp-json\/wp\/v2\/media?parent=149"}],"curies":[{"name":"wp","href":"https:\/\/api.w.org\/{rel}","templated":true}]}}