{"id":452,"date":"2015-08-18T15:19:52","date_gmt":"2015-08-18T14:19:52","guid":{"rendered":"http:\/\/escapade-tunisie.com\/voyages\/?page_id=452"},"modified":"2015-08-18T15:26:35","modified_gmt":"2015-08-18T14:26:35","slug":"conditions-generales-de-vente","status":"publish","type":"page","link":"https:\/\/escapade-tunisie.com\/voyages\/conditions-generales-de-vente\/","title":{"rendered":"Conditions G\u00e9n\u00e9rales de Vente"},"content":{"rendered":"<h3>Article 1 :\u00a0Champ d&rsquo;application<\/h3>\n<p>Les pr\u00e9sentes conditions s&rsquo;appliquent aux prestations de conseils,\u00a0n\u00e9gociation et pr\u00e9-r\u00e9servations effectu\u00e9es par Christine Desgranges \/ Escapade-Tunisie.com.<\/p>\n<p>Ces prestations de service sont totalement distinctes de celles des prestataires de voyage\u00a0locaux qui vous accueilleront sur place.\u00a0Les conditions de paiement des prestations de voyage, les garanties et conditions de voyages, d\u2019annulation et les assurances \u2013 sont celles d\u00e9finies par les agences de voyages et autres prestataires.<\/p>\n<p>&nbsp;<\/p>\n<h3>Article 2 : Prix<\/h3>\n<p>Les prix de mes prestations sont indiqu\u00e9s en euros\u00a0hors taxes (TVA non applicable, art. 293 B du CGI).<\/p>\n<p>Les tarifs indiqu\u00e9s sur le site sont susceptibles d&rsquo;\u00eatre modifi\u00e9s \u00e0 tout moment\u00a0mais\u00a0les prestations seront factur\u00e9es au tarif annonc\u00e9\u00a0lors de la commande.<\/p>\n<p>&nbsp;<\/p>\n<h3>Article 3 : Commande<\/h3>\n<p>La commande se fait obligatoirement par email.<\/p>\n<p>Les informations du site Escapade-Tunisie.com sont contractuelles et\u00a0feront l&rsquo;objet d&rsquo;une confirmation\u00a0par mail.<\/p>\n<p>Toute commande implique l\u2019acceptation int\u00e9grale et sans r\u00e9serve des pr\u00e9sentes conditions g\u00e9n\u00e9rales de vente.<\/p>\n<p>&nbsp;<\/p>\n<h3>Article 4 : Paiement<\/h3>\n<p>Le r\u00e8glement de mes prestations s&rsquo;effectue par carte bancaire ou Paypal via un syst\u00e8me s\u00e9curis\u00e9 en ligne.<\/p>\n<p>Le paiement par virement bancaire et par ch\u00e8que (uniquement issu de banques fran\u00e7aises) est \u00e9galement accept\u00e9.<\/p>\n<p>Les nom et adresse des prestataires de voyage ne vous seront transmis qu&rsquo;apr\u00e8s r\u00e9ception de votre paiement.<\/p>\n<p>&nbsp;<\/p>\n<h3>Article 5 : Ex\u00e9cution de la prestation de service<\/h3>\n<p>Apr\u00e8s r\u00e9ception de votre paiement, dans les 2 jours ouvr\u00e9s :<\/p>\n<p>&#8211; La pr\u00e9-r\u00e9servation des prestations de voyage demand\u00e9s\u00a0sera effectu\u00e9e.<\/p>\n<p>&#8211; Vous recevrez les coordonn\u00e9es\u00a0des prestataires de voyage.<\/p>\n<p>&nbsp;<\/p>\n<h3>Article 6 : Conditions de remboursement<\/h3>\n<p>Mes\u00a0prestations sont distinctes des prestations de voyage et ne sont pas rembours\u00e9es en cas d\u2019annulation du voyage de votre part.<\/p>\n<p>Selon le droit fran\u00e7ais et europ\u00e9en,\u00a0les contrats de\u00a0service dont le service a \u00e9t\u00e9 pleinement ex\u00e9cut\u00e9 si l\u2019ex\u00e9cution a commenc\u00e9 avec l\u2019accord pr\u00e9alable\u00a0expr\u00e8s du consommateur,\u00a0ne b\u00e9n\u00e9ficient pas d\u2019un d\u00e9lai de r\u00e9tractation.<\/p>\n<p>Les conditions de paiement des prestations de voyage, les garanties et conditions de voyages, d\u2019annulation et les assurances \u2013 sont celles d\u00e9finies par les agences de voyages et autres prestataires qui vous accueillent sur place.<\/p>\n<p>&nbsp;<\/p>\n<h3>Article 7 &#8211; Propri\u00e9t\u00e9 intellectuelle<\/h3>\n<p>Tous les \u00e9l\u00e9ments du site\u00a0Escapade-Tunisie.com\u00a0sont et restent la propri\u00e9t\u00e9 intellectuelle et exclusive de Christine Desgranges \/ Terra Nomadis. Nul n&rsquo;est autoris\u00e9 \u00e0 reproduire, exploiter, rediffuser, ou utiliser \u00e0 quelque titre que ce soit, m\u00eame partiellement, des \u00e9l\u00e9ments du site qu&rsquo;ils soient logiciels, visuels ou sonores. Tout lien simple ou par hypertexte est strictement interdit sans un accord \u00e9crit..<\/p>\n<p>&nbsp;<\/p>\n<h3>Article 8\u00a0&#8211; Donn\u00e9es personnelles<\/h3>\n<p>Les informations nominatives et les donn\u00e9es personnelles vous concernant sont n\u00e9cessaires \u00e0 la gestion de votre commande, ainsi qu&rsquo;\u00e0 l&rsquo;am\u00e9lioration des services et des informations qui vous sont adress\u00e9es.<\/p>\n<p>Elles peuvent aussi \u00eatre transmises aux prestataires de voyage\u00a0charg\u00e9s de l&rsquo;ex\u00e9cution des services et commandes pour leur gestion, ex\u00e9cution, traitement et paiement.<\/p>\n<p>Ces informations et donn\u00e9es sont \u00e9galement conserv\u00e9es \u00e0 des fins de s\u00e9curit\u00e9, afin de respecter les obligations l\u00e9gales et r\u00e9glementaires.<\/p>\n<p>Conform\u00e9ment \u00e0 la loi du 6 janvier 1978, vous disposez d&rsquo;un droit d&rsquo;acc\u00e8s, de rectification et d&rsquo;opposition aux informations nominatives et aux donn\u00e9es personnelles vous concernant, directement sur le site Internet.<\/p>\n<p>&nbsp;<\/p>\n<h3>Infos \u00e9diteur<\/h3>\n<p>Le site Escapade-Tunisie.com appartient \u00e0 \u00a0Christine DESGRANGES \/ Terra Nomadis<\/p>\n<p>Siret :\u00a0810 987 057 00017<\/p>\n<p><img loading=\"lazy\" decoding=\"async\" data-attachment-id=\"453\" data-permalink=\"https:\/\/escapade-tunisie.com\/voyages\/conditions-generales-de-vente\/search1\/\" data-orig-file=\"https:\/\/i0.wp.com\/escapade-tunisie.com\/voyages\/wp-content\/uploads\/2015\/08\/terranomadis_logo.jpg?fit=567%2C227&amp;ssl=1\" data-orig-size=\"567,227\" data-comments-opened=\"1\" data-image-meta=\"{&quot;aperture&quot;:&quot;0&quot;,&quot;credit&quot;:&quot;&quot;,&quot;camera&quot;:&quot;&quot;,&quot;caption&quot;:&quot;&quot;,&quot;created_timestamp&quot;:&quot;0&quot;,&quot;copyright&quot;:&quot;&quot;,&quot;focal_length&quot;:&quot;0&quot;,&quot;iso&quot;:&quot;0&quot;,&quot;shutter_speed&quot;:&quot;0&quot;,&quot;title&quot;:&quot;search1&quot;,&quot;orientation&quot;:&quot;1&quot;}\" data-image-title=\"Terra Nomadis\" data-image-description=\"\" data-image-caption=\"\" data-medium-file=\"https:\/\/i0.wp.com\/escapade-tunisie.com\/voyages\/wp-content\/uploads\/2015\/08\/terranomadis_logo.jpg?fit=300%2C120&amp;ssl=1\" data-large-file=\"https:\/\/i0.wp.com\/escapade-tunisie.com\/voyages\/wp-content\/uploads\/2015\/08\/terranomadis_logo.jpg?fit=545%2C218&amp;ssl=1\" class=\"alignleft wp-image-453 size-medium\" src=\"https:\/\/i0.wp.com\/escapade-tunisie.com\/voyages\/wp-content\/uploads\/2015\/08\/terranomadis_logo.jpg?resize=300%2C120\" alt=\"TerraNomadis\" width=\"300\" height=\"120\" srcset=\"https:\/\/i0.wp.com\/escapade-tunisie.com\/voyages\/wp-content\/uploads\/2015\/08\/terranomadis_logo.jpg?resize=300%2C120&amp;ssl=1 300w, https:\/\/i0.wp.com\/escapade-tunisie.com\/voyages\/wp-content\/uploads\/2015\/08\/terranomadis_logo.jpg?resize=150%2C60&amp;ssl=1 150w, https:\/\/i0.wp.com\/escapade-tunisie.com\/voyages\/wp-content\/uploads\/2015\/08\/terranomadis_logo.jpg?resize=220%2C88&amp;ssl=1 220w, https:\/\/i0.wp.com\/escapade-tunisie.com\/voyages\/wp-content\/uploads\/2015\/08\/terranomadis_logo.jpg?resize=187%2C75&amp;ssl=1 187w, https:\/\/i0.wp.com\/escapade-tunisie.com\/voyages\/wp-content\/uploads\/2015\/08\/terranomadis_logo.jpg?resize=453%2C181&amp;ssl=1 453w, https:\/\/i0.wp.com\/escapade-tunisie.com\/voyages\/wp-content\/uploads\/2015\/08\/terranomadis_logo.jpg?w=567&amp;ssl=1 567w\" sizes=\"(max-width: 300px) 100vw, 300px\" data-recalc-dims=\"1\" \/>Si\u00e8ge social\u00a0: 15 rue du Pr\u00e9sident Kennedy &#8211; 41800 Montoire Sur Le Loir &#8211; France<\/p>\n<p>Email : christine@terranomadis.com<\/p>\n<p>&nbsp;<\/p>\n","protected":false},"excerpt":{"rendered":"<p>Article 1 :\u00a0Champ d&rsquo;application Les pr\u00e9sentes conditions s&rsquo;appliquent aux prestations de conseils,\u00a0n\u00e9gociation et pr\u00e9-r\u00e9servations effectu\u00e9es par Christine Desgranges \/ Escapade-Tunisie.com. Ces prestations de service sont totalement distinctes de celles des prestataires de voyage\u00a0locaux qui vous accueilleront sur place.\u00a0Les conditions de paiement des prestations de voyage, les garanties et conditions de voyages, d\u2019annulation et les assurances [&hellip;]<\/p>\n","protected":false},"author":1,"featured_media":0,"parent":0,"menu_order":0,"comment_status":"open","ping_status":"open","template":"","meta":{"footnotes":""},"yoast_head":"<!-- This site is optimized with the Yoast SEO plugin v22.5 - https:\/\/yoast.com\/wordpress\/plugins\/seo\/ -->\n<title>Conditions G\u00e9n\u00e9rales de Vente, Escapade-Tunisie.com \/ Voyages<\/title>\n<meta name=\"description\" content=\"Article 1 :\u00a0Champ d&#039;application Les pr\u00e9sentes conditions s&#039;appliquent aux prestations de conseils,\u00a0n\u00e9gociation et pr\u00e9-r\u00e9servations effectu\u00e9es par\" \/>\n<meta name=\"robots\" content=\"index, follow, max-snippet:-1, max-image-preview:large, max-video-preview:-1\" \/>\n<link rel=\"canonical\" href=\"https:\/\/escapade-tunisie.com\/voyages\/conditions-generales-de-vente\/\" \/>\n<meta property=\"og:locale\" content=\"fr_FR\" \/>\n<meta property=\"og:type\" content=\"article\" \/>\n<meta property=\"og:title\" content=\"Conditions G\u00e9n\u00e9rales de Vente, Escapade-Tunisie.com \/ Voyages\" \/>\n<meta property=\"og:description\" content=\"Article 1 :\u00a0Champ d&#039;application Les pr\u00e9sentes conditions s&#039;appliquent aux prestations de conseils,\u00a0n\u00e9gociation et pr\u00e9-r\u00e9servations effectu\u00e9es par\" \/>\n<meta property=\"og:url\" content=\"https:\/\/escapade-tunisie.com\/voyages\/conditions-generales-de-vente\/\" \/>\n<meta property=\"og:site_name\" content=\"Escapade-Tunisie.com \/ Voyages\" \/>\n<meta property=\"article:publisher\" content=\"https:\/\/www.facebook.com\/TerraNomadisTunisie\" \/>\n<meta property=\"article:modified_time\" content=\"2015-08-18T14:26:35+00:00\" \/>\n<meta property=\"og:image\" content=\"http:\/\/escapade-tunisie.com\/voyages\/wp-content\/uploads\/2015\/08\/terranomadis_logo-300x120.jpg\" \/>\n<meta name=\"twitter:label1\" content=\"Dur\u00e9e de lecture estim\u00e9e\" \/>\n\t<meta name=\"twitter:data1\" content=\"3 minutes\" \/>\n<script type=\"application\/ld+json\" class=\"yoast-schema-graph\">{\"@context\":\"https:\/\/schema.org\",\"@graph\":[{\"@type\":\"WebPage\",\"@id\":\"https:\/\/escapade-tunisie.com\/voyages\/conditions-generales-de-vente\/\",\"url\":\"https:\/\/escapade-tunisie.com\/voyages\/conditions-generales-de-vente\/\",\"name\":\"Conditions G\u00e9n\u00e9rales de Vente, Escapade-Tunisie.com \/ Voyages\",\"isPartOf\":{\"@id\":\"https:\/\/escapade-tunisie.com\/voyages\/#website\"},\"primaryImageOfPage\":{\"@id\":\"https:\/\/escapade-tunisie.com\/voyages\/conditions-generales-de-vente\/#primaryimage\"},\"image\":{\"@id\":\"https:\/\/escapade-tunisie.com\/voyages\/conditions-generales-de-vente\/#primaryimage\"},\"thumbnailUrl\":\"http:\/\/escapade-tunisie.com\/voyages\/wp-content\/uploads\/2015\/08\/terranomadis_logo-300x120.jpg\",\"datePublished\":\"2015-08-18T14:19:52+00:00\",\"dateModified\":\"2015-08-18T14:26:35+00:00\",\"description\":\"Article 1 :\u00a0Champ d'application Les pr\u00e9sentes conditions s'appliquent aux prestations de conseils,\u00a0n\u00e9gociation et pr\u00e9-r\u00e9servations effectu\u00e9es par\",\"breadcrumb\":{\"@id\":\"https:\/\/escapade-tunisie.com\/voyages\/conditions-generales-de-vente\/#breadcrumb\"},\"inLanguage\":\"fr-FR\",\"potentialAction\":[{\"@type\":\"ReadAction\",\"target\":[\"https:\/\/escapade-tunisie.com\/voyages\/conditions-generales-de-vente\/\"]}]},{\"@type\":\"ImageObject\",\"inLanguage\":\"fr-FR\",\"@id\":\"https:\/\/escapade-tunisie.com\/voyages\/conditions-generales-de-vente\/#primaryimage\",\"url\":\"https:\/\/i0.wp.com\/escapade-tunisie.com\/voyages\/wp-content\/uploads\/2015\/08\/terranomadis_logo.jpg?fit=567%2C227&ssl=1\",\"contentUrl\":\"https:\/\/i0.wp.com\/escapade-tunisie.com\/voyages\/wp-content\/uploads\/2015\/08\/terranomadis_logo.jpg?fit=567%2C227&ssl=1\",\"width\":567,\"height\":227,\"caption\":\"TerraNomadis\"},{\"@type\":\"BreadcrumbList\",\"@id\":\"https:\/\/escapade-tunisie.com\/voyages\/conditions-generales-de-vente\/#breadcrumb\",\"itemListElement\":[{\"@type\":\"ListItem\",\"position\":1,\"name\":\"Escapade-Tunisie.com\",\"item\":\"https:\/\/escapade-tunisie.com\/voyages\/\"},{\"@type\":\"ListItem\",\"position\":2,\"name\":\"Conditions G\u00e9n\u00e9rales de Vente\"}]},{\"@type\":\"WebSite\",\"@id\":\"https:\/\/escapade-tunisie.com\/voyages\/#website\",\"url\":\"https:\/\/escapade-tunisie.com\/voyages\/\",\"name\":\"Escapade-Tunisie.com \/ Voyages\",\"description\":\"\",\"potentialAction\":[{\"@type\":\"SearchAction\",\"target\":{\"@type\":\"EntryPoint\",\"urlTemplate\":\"https:\/\/escapade-tunisie.com\/voyages\/?s={search_term_string}\"},\"query-input\":\"required name=search_term_string\"}],\"inLanguage\":\"fr-FR\"}]}<\/script>\n<!-- \/ Yoast SEO plugin. -->","yoast_head_json":{"title":"Conditions G\u00e9n\u00e9rales de Vente, Escapade-Tunisie.com \/ Voyages","description":"Article 1 :\u00a0Champ d'application Les pr\u00e9sentes conditions s'appliquent aux prestations de conseils,\u00a0n\u00e9gociation et pr\u00e9-r\u00e9servations effectu\u00e9es par","robots":{"index":"index","follow":"follow","max-snippet":"max-snippet:-1","max-image-preview":"max-image-preview:large","max-video-preview":"max-video-preview:-1"},"canonical":"https:\/\/escapade-tunisie.com\/voyages\/conditions-generales-de-vente\/","og_locale":"fr_FR","og_type":"article","og_title":"Conditions G\u00e9n\u00e9rales de Vente, Escapade-Tunisie.com \/ Voyages","og_description":"Article 1 :\u00a0Champ d'application Les pr\u00e9sentes conditions s'appliquent aux prestations de conseils,\u00a0n\u00e9gociation et pr\u00e9-r\u00e9servations effectu\u00e9es par","og_url":"https:\/\/escapade-tunisie.com\/voyages\/conditions-generales-de-vente\/","og_site_name":"Escapade-Tunisie.com \/ Voyages","article_publisher":"https:\/\/www.facebook.com\/TerraNomadisTunisie","article_modified_time":"2015-08-18T14:26:35+00:00","og_image":[{"url":"http:\/\/escapade-tunisie.com\/voyages\/wp-content\/uploads\/2015\/08\/terranomadis_logo-300x120.jpg"}],"twitter_misc":{"Dur\u00e9e de lecture estim\u00e9e":"3 minutes"},"schema":{"@context":"https:\/\/schema.org","@graph":[{"@type":"WebPage","@id":"https:\/\/escapade-tunisie.com\/voyages\/conditions-generales-de-vente\/","url":"https:\/\/escapade-tunisie.com\/voyages\/conditions-generales-de-vente\/","name":"Conditions G\u00e9n\u00e9rales de Vente, Escapade-Tunisie.com \/ Voyages","isPartOf":{"@id":"https:\/\/escapade-tunisie.com\/voyages\/#website"},"primaryImageOfPage":{"@id":"https:\/\/escapade-tunisie.com\/voyages\/conditions-generales-de-vente\/#primaryimage"},"image":{"@id":"https:\/\/escapade-tunisie.com\/voyages\/conditions-generales-de-vente\/#primaryimage"},"thumbnailUrl":"http:\/\/escapade-tunisie.com\/voyages\/wp-content\/uploads\/2015\/08\/terranomadis_logo-300x120.jpg","datePublished":"2015-08-18T14:19:52+00:00","dateModified":"2015-08-18T14:26:35+00:00","description":"Article 1 :\u00a0Champ d'application Les pr\u00e9sentes conditions s'appliquent aux prestations de conseils,\u00a0n\u00e9gociation et pr\u00e9-r\u00e9servations effectu\u00e9es par","breadcrumb":{"@id":"https:\/\/escapade-tunisie.com\/voyages\/conditions-generales-de-vente\/#breadcrumb"},"inLanguage":"fr-FR","potentialAction":[{"@type":"ReadAction","target":["https:\/\/escapade-tunisie.com\/voyages\/conditions-generales-de-vente\/"]}]},{"@type":"ImageObject","inLanguage":"fr-FR","@id":"https:\/\/escapade-tunisie.com\/voyages\/conditions-generales-de-vente\/#primaryimage","url":"https:\/\/i0.wp.com\/escapade-tunisie.com\/voyages\/wp-content\/uploads\/2015\/08\/terranomadis_logo.jpg?fit=567%2C227&ssl=1","contentUrl":"https:\/\/i0.wp.com\/escapade-tunisie.com\/voyages\/wp-content\/uploads\/2015\/08\/terranomadis_logo.jpg?fit=567%2C227&ssl=1","width":567,"height":227,"caption":"TerraNomadis"},{"@type":"BreadcrumbList","@id":"https:\/\/escapade-tunisie.com\/voyages\/conditions-generales-de-vente\/#breadcrumb","itemListElement":[{"@type":"ListItem","position":1,"name":"Escapade-Tunisie.com","item":"https:\/\/escapade-tunisie.com\/voyages\/"},{"@type":"ListItem","position":2,"name":"Conditions G\u00e9n\u00e9rales de Vente"}]},{"@type":"WebSite","@id":"https:\/\/escapade-tunisie.com\/voyages\/#website","url":"https:\/\/escapade-tunisie.com\/voyages\/","name":"Escapade-Tunisie.com \/ Voyages","description":"","potentialAction":[{"@type":"SearchAction","target":{"@type":"EntryPoint","urlTemplate":"https:\/\/escapade-tunisie.com\/voyages\/?s={search_term_string}"},"query-input":"required name=search_term_string"}],"inLanguage":"fr-FR"}]}},"jetpack_sharing_enabled":true,"jetpack_shortlink":"https:\/\/wp.me\/P3V6Ha-7i","jetpack_likes_enabled":true,"_links":{"self":[{"href":"https:\/\/escapade-tunisie.com\/voyages\/wp-json\/wp\/v2\/pages\/452"}],"collection":[{"href":"https:\/\/escapade-tunisie.com\/voyages\/wp-json\/wp\/v2\/pages"}],"about":[{"href":"https:\/\/escapade-tunisie.com\/voyages\/wp-json\/wp\/v2\/types\/page"}],"author":[{"embeddable":true,"href":"https:\/\/escapade-tunisie.com\/voyages\/wp-json\/wp\/v2\/users\/1"}],"replies":[{"embeddable":true,"href":"https:\/\/escapade-tunisie.com\/voyages\/wp-json\/wp\/v2\/comments?post=452"}],"version-history":[{"count":0,"href":"https:\/\/escapade-tunisie.com\/voyages\/wp-json\/wp\/v2\/pages\/452\/revisions"}],"wp:attachment":[{"href":"https:\/\/escapade-tunisie.com\/voyages\/wp-json\/wp\/v2\/media?parent=452"}],"curies":[{"name":"wp","href":"https:\/\/api.w.org\/{rel}","templated":true}]}}