{"id":326,"date":"2013-11-29T16:33:14","date_gmt":"2013-11-29T15:33:14","guid":{"rendered":"http:\/\/escapade-tunisie.com\/voyages\/escapades\/circuit-sud-tunisien-villages-berberes-desert\/"},"modified":"2022-08-11T05:14:18","modified_gmt":"2022-08-11T04:14:18","slug":"circuit-sud-tunisien-villages-berberes-desert","status":"publish","type":"product","link":"https:\/\/escapade-tunisie.com\/voyages\/escapades\/circuit-sud-tunisien-villages-berberes-desert\/","title":{"rendered":"Villages berb\u00e8res et randonn\u00e9e chameli\u00e8re &#8211; Circuit 1 semaine"},"content":{"rendered":"<h2><strong>Villages berb\u00e8res et d\u00e9sert<br \/>\n<\/strong><\/h2>\n<p>Circuit 8 jours \/ 7 nuits de Djerba \u00e0 Djerba<br \/>\nDu 15 octobre 2013 au 15 mai 2014<\/p>\n<p>&nbsp;<\/p>\n<p><strong>De l&rsquo;autre c\u00f4t\u00e9 de Djerba<\/strong>, sur le continent, d\u00e9couvrez des paysages et des villages hors du commun&#8230;<\/p>\n<p><strong>&#8211; Les montagnes du Dahar<\/strong> de la r\u00e9gion de Matmata et Tataouine, abritant des villages berb\u00e8res ocre fondus dans le d\u00e9cor, maisons troglodytes et ksour perch\u00e9s<\/p>\n<p>&#8211; <strong>Le reg, immensit\u00e9 semi-d\u00e9sertique<\/strong> o\u00f9 seuls les nomades pasteurs s&rsquo;aventurent<\/p>\n<p>&#8211; <strong>L\u2019erg, le Sahara de sable<\/strong>, une oasis, des dunes \u00e0 perte de vue<!--more--><\/p>\n<p>&nbsp;<\/p>\n\n\t\t<div class='et_quote'>\n\t\t\t<div class='et_right_quote'>\n\t\t\t\t<p><a href=\"https:\/\/i0.wp.com\/escapade-tunisie.com\/voyages\/wp-content\/uploads\/2013\/08\/christine-cercle.jpg\"><img loading=\"lazy\" decoding=\"async\" class=\"alignleft\" alt=\"Christine | Escapade-Tunisie.com\" src=\"https:\/\/i0.wp.com\/escapade-tunisie.com\/voyages\/wp-content\/uploads\/2013\/08\/christine-cercle.jpg?resize=74%2C74\" width=\"74\" height=\"74\" data-recalc-dims=\"1\" \/><\/a><span style=\"color: #ff6600;\"><em>Peu de kilom\u00e8tres, des randonn\u00e9es accessibles \u00e0 tous, des repas et nuits chez l\u2019habitant, des logements simples mais typiques et insolites, l\u2019exp\u00e9rience unique de quelques jours dans le d\u00e9sert en compagnie des nomades&#8230;<\/em><\/span><\/p>\n<p><em><span style=\"color: #ff6600;\">Un circuit o\u00f9 l\u2019on prend enfin le temps de la d\u00e9couverte et de la rencontre avec la population !<\/span> <\/em><\/p>\n\t\t\t\t\n\t\t\t<\/div>\n\t\t\t<span class='et_quote_sign'><\/span>\n\t\t<\/div>\n\t\n<p style=\"text-align: center;\"><a href=\"https:\/\/i0.wp.com\/escapade-tunisie.com\/voyages\/wp-content\/uploads\/2013\/11\/ksar-douiret.jpg\"><img loading=\"lazy\" decoding=\"async\" data-attachment-id=\"333\" data-permalink=\"https:\/\/escapade-tunisie.com\/voyages\/?attachment_id=333\" data-orig-file=\"https:\/\/i0.wp.com\/escapade-tunisie.com\/voyages\/wp-content\/uploads\/2013\/11\/ksar-douiret.jpg?fit=720%2C960&amp;ssl=1\" data-orig-size=\"720,960\" data-comments-opened=\"1\" data-image-meta=\"{&quot;aperture&quot;:&quot;7.1&quot;,&quot;credit&quot;:&quot;Picasa 2.7&quot;,&quot;camera&quot;:&quot;Canon DIGITAL IXUS 400&quot;,&quot;caption&quot;:&quot;&quot;,&quot;created_timestamp&quot;:&quot;1075047233&quot;,&quot;copyright&quot;:&quot;&quot;,&quot;focal_length&quot;:&quot;9.09375&quot;,&quot;iso&quot;:&quot;0&quot;,&quot;shutter_speed&quot;:&quot;0.005&quot;,&quot;title&quot;:&quot;&quot;}\" data-image-title=\"ksar douiret\" data-image-description=\"&lt;p&gt;ksar Douiret | escapade tunisie&lt;\/p&gt;\n\" data-image-caption=\"\" data-medium-file=\"https:\/\/i0.wp.com\/escapade-tunisie.com\/voyages\/wp-content\/uploads\/2013\/11\/ksar-douiret.jpg?fit=225%2C300&amp;ssl=1\" data-large-file=\"https:\/\/i0.wp.com\/escapade-tunisie.com\/voyages\/wp-content\/uploads\/2013\/11\/ksar-douiret.jpg?fit=545%2C727&amp;ssl=1\" class=\"aligncenter  wp-image-333\" alt=\"ksar douiret\" src=\"https:\/\/i0.wp.com\/escapade-tunisie.com\/voyages\/wp-content\/uploads\/2013\/11\/ksar-douiret.jpg?resize=504%2C672\" width=\"504\" height=\"672\" srcset=\"https:\/\/i0.wp.com\/escapade-tunisie.com\/voyages\/wp-content\/uploads\/2013\/11\/ksar-douiret.jpg?w=720&amp;ssl=1 720w, https:\/\/i0.wp.com\/escapade-tunisie.com\/voyages\/wp-content\/uploads\/2013\/11\/ksar-douiret.jpg?resize=225%2C300&amp;ssl=1 225w, https:\/\/i0.wp.com\/escapade-tunisie.com\/voyages\/wp-content\/uploads\/2013\/11\/ksar-douiret.jpg?resize=220%2C293&amp;ssl=1 220w, https:\/\/i0.wp.com\/escapade-tunisie.com\/voyages\/wp-content\/uploads\/2013\/11\/ksar-douiret.jpg?resize=187%2C249&amp;ssl=1 187w, https:\/\/i0.wp.com\/escapade-tunisie.com\/voyages\/wp-content\/uploads\/2013\/11\/ksar-douiret.jpg?resize=453%2C604&amp;ssl=1 453w, https:\/\/i0.wp.com\/escapade-tunisie.com\/voyages\/wp-content\/uploads\/2013\/11\/ksar-douiret.jpg?resize=67%2C90&amp;ssl=1 67w, https:\/\/i0.wp.com\/escapade-tunisie.com\/voyages\/wp-content\/uploads\/2013\/11\/ksar-douiret.jpg?resize=112%2C150&amp;ssl=1 112w\" sizes=\"(max-width: 504px) 100vw, 504px\" data-recalc-dims=\"1\" \/><\/a><\/p>\n<p>&nbsp;<\/p>\n<h2><span style=\"color: #ff6600;\">PROGRAMME (adaptable \u00e0 vos envies)<\/span><\/h2>\n<p>&nbsp;<\/p>\n<h2><strong>Jour 1 : Djerba<\/strong><\/h2>\n<p>Accueil \u00e0 l&rsquo;a\u00e9roport de Djerba et transfert \u00e0 la maison d&rsquo;h\u00f4tes.<\/p>\n<p>Diner et nuit en maison d&rsquo;h\u00f4tes \u00e0 Djerba.<\/p>\n<p>&nbsp;<\/p>\n<h2><strong>Jour 2 : Djerba &#8211; Monts de Matmata &#8211; Toujane<br \/>\n<\/strong><\/h2>\n<p><strong>Matin : <\/strong>D\u00e9part de votre h\u00f4tel apr\u00e8s le petit-d\u00e9jeuner et sortie de l&rsquo;\u00eele par le bac. Vous abordez le Djebel par les Monts de Matmata aux paysages lunaires trou\u00e9s d&rsquo;habitations troglodytes. De l&rsquo;autre c\u00f4t\u00e9, Tamezret, \u00e9tonnant village d\u00e9fensif dont les maisons en pierre s&rsquo;accrochent \u00e0 la montagne, face au d\u00e9sert. Visite d&rsquo;un petit mus\u00e9e priv\u00e9.<\/p>\n<p><strong>Midi : <\/strong>D\u00e9jeuner chez l&rsquo;habitant.<\/p>\n<p><strong>Apr\u00e8s-midi :<\/strong> Direction Toujane par une route sinueuse de montagne, autre village berb\u00e8re accroch\u00e9 aux montagnes. L\u00e0, vous serez accueillis par une famille dans leur maison troglodyte. Vous y d\u00e9couvrirez l&rsquo;univers des femmes et le tissage traditionnel.\u00a0Visite du village par un homme de la famille.<\/p>\n<p><strong>Diner et nuit<\/strong> en gite troglodyte chez l&rsquo;habitant &#8211; sanitaires communs<\/p>\n<p>&nbsp;<\/p>\n<h2><strong>Jour 3 : Toujane &#8211; Ksar Ghilane &#8211; Nuit au d\u00e9sert<br \/>\n<\/strong><\/h2>\n<p><strong>Matin :<\/strong> Vous continuez le chemin vers le sud par de petites routes de montagne. Le premier ksar apparait : Ksar Hallouf avec sa toute petite mosqu\u00e9e et son moulin \u00e0 huile.<\/p>\n<p>Apr\u00e8s une visite, direction l\u2019ouest et le d\u00e9sert de sable jusqu&rsquo;\u00e0 l&rsquo;oasis de Ksar Ghilane.<\/p>\n<p><strong>Midi et d\u00e9but d&rsquo;apr\u00e8s-midi :<\/strong> D\u00e9jeuner libre \u00e0 l&rsquo;oasis.<\/p>\n<p>Temps libre pour profiter des activit\u00e9s propos\u00e9es \u00e0 Ksar Ghilane : balade \u00e0 dos de dromadaire, \u00e0 cheval ou en quad jusqu&rsquo;au fort romain (activit\u00e9s payantes) ; baignade dans la source d&rsquo;eau chaude ; promenade dans la palmeraie.<\/p>\n<p><strong>Fin d&rsquo;apr\u00e8s-midi et soir\u00e9e : <\/strong>D\u00e9part avec une \u00e9quipe de guides-chameliers et leurs dromadaires pour une nuit traditionnelle en bivouac.<\/p>\n<p>Avant le coucher du soleil, installation du campement au pied des dunes. Pendant que le cuisinier pr\u00e9pare le repas, chacun vaque librement \u00e0 ses occupations. La nuit r\u00e9unit chacun autour du feu pour le d\u00eener et la soir\u00e9e, g\u00e9n\u00e9ralement accompagn\u00e9e de musique et de chants.<\/p>\n<p><strong>Nuit :<\/strong> Matelas et couvertures sont fournis pour, au choix de chacun, une nuit sous la tente ou sous la vo\u00fbte aux mille \u00e9toiles.<\/p>\n<p>&nbsp;<\/p>\n<h2><strong>Jour 4 : Randonn\u00e9e chameli\u00e8re au d\u00e9sert &#8211; Nuit en bivouac<br \/>\n<\/strong><\/h2>\n<p><strong>Matin :<\/strong> Le lever du soleil et l&rsquo;odeur du pain chaud cuit sous le sable sonnent l&rsquo;heure du r\u00e9veil. La caravane repart tranquillement apr\u00e8s le petit-d\u00e9jeuner. Quelques dromadaires sont disponibles \u00e0 la monte ce qui vous permettra d&rsquo;alterner monte et marche \u00e0 votre guise. Le rythme est adapt\u00e9 \u00e0 tous, avec des pauses r\u00e9guli\u00e8res. Marche de 2 \u00e0 3 heures.<\/p>\n<p><strong>Midi :<\/strong> Pause d\u00e9jeuner qui vous permettra de d\u00e9couvrir la pr\u00e9paration du \u00ab\u00a0pain de sable\u00a0\u00bb.<\/p>\n<p><strong>Apr\u00e8s-midi :<\/strong> Apr\u00e8s la sieste, d\u00e8s que les temp\u00e9ratures se font plus douces, la caravane repart pour 1 heure \u00e0 1h30.<br \/>\nInstallation d&rsquo;un nouveau campement avant le coucher du soleil.<\/p>\n<p><strong>Diner et soir\u00e9e<\/strong> autour d&rsquo;un feu de bois. Un repas, le th\u00e9. De la musique, des chants, le feu qui cr\u00e9pite, \u00eatre ensemble. Des joies simples qui remplissent le c\u0153ur et l\u2019\u00e2me\u2026<\/p>\n<p><strong>Nuit<\/strong> sous la tente &#8211; ou sous les \u00e9toiles si vous pr\u00e9f\u00e9rez !<\/p>\n<p>&nbsp;<\/p>\n<h2><strong>Jour 5 : Randonn\u00e9e chameli\u00e8re au d\u00e9sert &#8211; Nuit en campement saharien<br \/>\n<\/strong><\/h2>\n<p><strong>Matin :<\/strong> Comme la veille, le lever du soleil et l&rsquo;odeur du pain chaud cuit sous le sable sonnent l&rsquo;heure du r\u00e9veil. La caravane repart tranquillement apr\u00e8s le petit-d\u00e9jeuner.<\/p>\n<p><strong>Midi :<\/strong> Pause d\u00e9jeuner et temps de repos.<\/p>\n<p><strong>Apr\u00e8s-midi :<\/strong> Chargement des dromadaires avant de reprendre le chemin des dunes.<\/p>\n<p>Arriv\u00e9e au campement en fin d&rsquo;apr\u00e8s-midi. Installation et temps libre pour une bonne douche !<\/p>\n<p><strong>Diner, soir\u00e9e et nuit<\/strong> au campement &#8211; sanitaires communs<\/p>\n<p><strong>\u00a0<\/strong><\/p>\n<h2><strong>Jour 6 : Campement saharien &#8211; Chenini &#8211; Douiret<br \/>\n<\/strong><\/h2>\n<p><strong>Matin : <\/strong>Apr\u00e8s le petit-d\u00e9jeuner, d\u00e9part par une autre piste en direction de Tataouine. De l&rsquo;erg au reg,\u00a0 immense plateau de pierres.<\/p>\n<p>Au loin, les montagnes \u00e9mergent. C&rsquo;est l&rsquo;univers des ksour et des villages perch\u00e9s. D&rsquo;abord Guermessa, le plus sauvage puis Chenini encore habit\u00e9.<\/p>\n<p><strong>Midi : <\/strong>D\u00e9jeuner \u00e0 Chenini.<\/p>\n<p><strong>Apr\u00e8s le d\u00e9jeuner<\/strong> : Randonn\u00e9e (environ 3 heures) \u00a0avec un \u00e2ne dans la montagne par les chemins de berger jusqu&rsquo;\u00e0 Douiret.<\/p>\n<p><strong>Diner et nuit<\/strong> en gite \u00e0 Douiret &#8211; sanitaires communs<\/p>\n<p>&nbsp;<\/p>\n<h2><strong>Jour 7 : Route des Ksour &#8211; Tataouine &#8211; Djerba<br \/>\n<\/strong><\/h2>\n<p><strong>Matin :<\/strong> Route de ksour avec la visite de Ksar Ouled Soltane, superbe ksar de montagne dont les ghorfas peuvent atteindre 4 niveaux.<\/p>\n<p>Arr\u00eat au souk de Tataouine avant de continuer en direction de Djerba.<\/p>\n<p><strong>D\u00e9jeuner<\/strong> sur la route.<\/p>\n<p><strong>Apr\u00e8s-midi<\/strong> <strong>:<\/strong> Entr\u00e9e sur l&rsquo;\u00eele par la chauss\u00e9e romaine. Installation \u00e0 la maison d&rsquo;h\u00f4tes.<\/p>\n<p><strong>Diner et nuit<\/strong> en maison d&rsquo;h\u00f4tes \u00e0 Djerba.<\/p>\n<p>&nbsp;<\/p>\n<h2><strong>Jour 7<\/strong> : Djerba<\/h2>\n<p>Journ\u00e9e libre \u00e0 Djerba. Transfert \u00e0 l&rsquo;a\u00e9roport en fonction de vos horaires de vol.<\/p>\n<p><strong><\/strong><strong><br \/>\n<\/strong><\/p>\n<blockquote>\n<h2 style=\"padding-left: 30px;\"><em>Fans de Star Wars<\/em><\/h2>\n<p style=\"padding-left: 30px;\"><em>Pour les fans de Star Wars, il est possible de modifier l\u00e9g\u00e8rement le programme pour passer sur les lieux de tournage :<\/em><\/p>\n<p style=\"padding-left: 30px;\"><em>&#8211; En vous arr\u00eatant \u00e0 Matmata pour visiter les restes du tout premier tournage \u00e0 l&rsquo;h\u00f4tel Sidi Driss<br \/>\n<\/em><\/p>\n<p style=\"padding-left: 30px;\"><em>&#8211; En visitant Ksar Haddada o\u00f9 a \u00e9t\u00e9 cr\u00e9\u00e9 le d\u00e9cor du village de Mos Espa de la plan\u00e8te Tatooine (au lieu de la visite de Ksar Ouled Soltane)<\/em><\/p>\n<\/blockquote>\n<p>&nbsp;<\/p>\n<div class='et-box et-shadow'>\n\t\t\t\t\t<div class='et-box-content'><h2><span style=\"color: #ff6600;\">Demande de r\u00e9servation<\/span><\/h2>\n<p style=\"text-align: left;\">\n<div class=\"wpcf7 no-js\" id=\"wpcf7-f327-o1\" lang=\"fr-FR\" dir=\"ltr\">\n<div class=\"screen-reader-response\"><p role=\"status\" aria-live=\"polite\" aria-atomic=\"true\"><\/p> <ul><\/ul><\/div>\n<form action=\"\/voyages\/wp-json\/wp\/v2\/product\/326#wpcf7-f327-o1\" method=\"post\" class=\"wpcf7-form init\" aria-label=\"Formulaire de contact\" novalidate=\"novalidate\" data-status=\"init\">\n<div style=\"display: none;\">\n<input type=\"hidden\" name=\"_wpcf7\" value=\"327\" \/>\n<input type=\"hidden\" name=\"_wpcf7_version\" value=\"5.9.3\" \/>\n<input type=\"hidden\" name=\"_wpcf7_locale\" value=\"fr_FR\" \/>\n<input type=\"hidden\" name=\"_wpcf7_unit_tag\" value=\"wpcf7-f327-o1\" \/>\n<input type=\"hidden\" name=\"_wpcf7_container_post\" value=\"0\" \/>\n<input type=\"hidden\" name=\"_wpcf7_posted_data_hash\" value=\"\" \/>\n<input type=\"hidden\" name=\"_wpcf7_recaptcha_response\" value=\"\" \/>\n<\/div>\n<p><span class=\"wpcf7-form-control-wrap\" data-name=\"nom\"><input size=\"40\" class=\"wpcf7-form-control wpcf7-text wpcf7-validates-as-required\" aria-required=\"true\" aria-invalid=\"false\" placeholder=\"Nom *\" value=\"\" type=\"text\" name=\"nom\" \/><\/span>\n<\/p>\n<p><span class=\"wpcf7-form-control-wrap\" data-name=\"email\"><input size=\"40\" class=\"wpcf7-form-control wpcf7-email wpcf7-validates-as-required wpcf7-text wpcf7-validates-as-email\" aria-required=\"true\" aria-invalid=\"false\" placeholder=\"Email *\" value=\"\" type=\"email\" name=\"email\" \/><\/span>\n<\/p>\n<p><span class=\"wpcf7-form-control-wrap\" data-name=\"message\"><textarea cols=\"60\" rows=\"3\" class=\"wpcf7-form-control wpcf7-textarea\" aria-invalid=\"false\" placeholder=\"Message (optionnel)\" name=\"message\"><\/textarea><\/span>\n<\/p>\n<p><input class=\"wpcf7-form-control wpcf7-submit has-spinner\" type=\"submit\" value=\"Envoyer\" \/>\n<\/p><p style=\"display: none !important;\" class=\"akismet-fields-container\" data-prefix=\"_wpcf7_ak_\"><label>&#916;<textarea name=\"_wpcf7_ak_hp_textarea\" cols=\"45\" rows=\"8\" maxlength=\"100\"><\/textarea><\/label><input type=\"hidden\" id=\"ak_js_1\" name=\"_wpcf7_ak_js\" value=\"249\"\/><script>document.getElementById( \"ak_js_1\" ).setAttribute( \"value\", ( new Date() ).getTime() );<\/script><\/p><div class=\"wpcf7-response-output\" aria-hidden=\"true\"><\/div>\n<\/form>\n<\/div>\n<\/p>\n<p style=\"text-align: left;\">\n<h2><span style=\"color: #ff6600;\">Prix<\/span><\/h2>\n<p>450 \u20ac par personne \u00e0 partir d&rsquo;un groupe de 4 personnes + 30 \u20ac pour mes prestations<\/p>\n<p>Prix valables du 15 octobre 2013 au 15 mai 2014<\/p>\n<p>Voir le d\u00e9tail des prix dans l&rsquo;onglet \u00ab\u00a0Prix &amp; Conditions\u00a0\u00bb <em>(Cliquez sur la fl\u00e8che verte pour remonter)<\/em><\/p>\n<p>&nbsp;<\/p>\n<h2><span style=\"color: #ff6600;\">Excursion \u00e0 la carte ?<\/span><\/h2>\n<p>Vous souhaitez un circuit plus long, plus court ? Plus de d\u00e9sert, moins de d\u00e9sert ? Un arr\u00eat dans un lieu particulier, une randonn\u00e9e \u00e0 la place d&rsquo;une visite en 4&#215;4 ? Des h\u00e9bergements avec plus de confort ? Une autre envie ?<\/p>\n<p>C&rsquo;est possible !<\/p>\n<p>Cette excursion \u00e9tant propos\u00e9e par une agence de voyages locale,\u00a0 toutes sortes de modifications sont envisageables.<\/p>\n<p>Cliquez sur <a href='http:\/\/escapade-tunisie.com\/voyages\/reservation\/' class='small-button smallsilver' target=\"_blank\">R\u00e9server<\/a> et faites moi part de vos envies en compl\u00e9tant le formulaire.<\/p><\/div><\/div>\n<p>&nbsp;<\/p>\n","protected":false},"excerpt":{"rendered":"<p dir=\"ltr\" id=\"docs-internal-guid--1623a06-aebf-aaff-a05a-92fb3e02f678\"><strong>Circuit 1 semaine dans le Sud tunisien<\/strong><\/p>\n<p>Un circuit \u00e0 la rencontre de la population locale, alliant d\u00e9couverte des villages berb\u00e8res du Dahar et deux journ\u00e9es de randonn\u00e9e chameli\u00e8re dans les dunes.<\/p>\n","protected":false},"featured_media":328,"comment_status":"open","ping_status":"closed","template":"","meta":[],"product_cat":[34],"product_tag":[15,18,35,19],"yoast_head":"<!-- This site is optimized with the Yoast SEO plugin v22.5 - https:\/\/yoast.com\/wordpress\/plugins\/seo\/ -->\n<title>Villages berb\u00e8res et randonn\u00e9e chameli\u00e8re - Circuit 1 semaine  - Escapade-Tunisie.com \/ Voyages<\/title>\n<meta name=\"description\" content=\"Un circuit \u00e0 la rencontre de la population locale, alliant d\u00e9couverte des villages berb\u00e8res du Dahar et deux journ\u00e9es de randonn\u00e9e chameli\u00e8re dans les dunes.\" \/>\n<meta name=\"robots\" content=\"index, follow, max-snippet:-1, max-image-preview:large, max-video-preview:-1\" \/>\n<link rel=\"canonical\" href=\"https:\/\/escapade-tunisie.com\/voyages\/escapades\/circuit-sud-tunisien-villages-berberes-desert\/\" \/>\n<meta property=\"og:locale\" content=\"fr_FR\" \/>\n<meta property=\"og:type\" content=\"article\" \/>\n<meta property=\"og:title\" content=\"Villages berb\u00e8res et randonn\u00e9e chameli\u00e8re - Circuit 1 semaine  - Escapade-Tunisie.com \/ Voyages\" \/>\n<meta property=\"og:description\" content=\"Un circuit \u00e0 la rencontre de la population locale, alliant d\u00e9couverte des villages berb\u00e8res du Dahar et deux journ\u00e9es de randonn\u00e9e chameli\u00e8re dans les dunes.\" \/>\n<meta property=\"og:url\" content=\"https:\/\/escapade-tunisie.com\/voyages\/escapades\/circuit-sud-tunisien-villages-berberes-desert\/\" \/>\n<meta property=\"og:site_name\" content=\"Escapade-Tunisie.com \/ Voyages\" \/>\n<meta property=\"article:publisher\" content=\"https:\/\/www.facebook.com\/TerraNomadisTunisie\" \/>\n<meta property=\"article:modified_time\" content=\"2022-08-11T04:14:18+00:00\" \/>\n<meta property=\"og:image\" content=\"https:\/\/i0.wp.com\/escapade-tunisie.com\/voyages\/wp-content\/uploads\/2013\/11\/randonnee-chameliere.jpg?fit=960%2C720&ssl=1\" \/>\n\t<meta property=\"og:image:width\" content=\"960\" \/>\n\t<meta property=\"og:image:height\" content=\"720\" \/>\n\t<meta property=\"og:image:type\" content=\"image\/jpeg\" \/>\n<meta name=\"twitter:label1\" content=\"Dur\u00e9e de lecture estim\u00e9e\" \/>\n\t<meta name=\"twitter:data1\" content=\"6 minutes\" \/>\n<script type=\"application\/ld+json\" class=\"yoast-schema-graph\">{\"@context\":\"https:\/\/schema.org\",\"@graph\":[{\"@type\":\"WebPage\",\"@id\":\"https:\/\/escapade-tunisie.com\/voyages\/escapades\/circuit-sud-tunisien-villages-berberes-desert\/\",\"url\":\"https:\/\/escapade-tunisie.com\/voyages\/escapades\/circuit-sud-tunisien-villages-berberes-desert\/\",\"name\":\"Villages berb\u00e8res et randonn\u00e9e chameli\u00e8re - Circuit 1 semaine - Escapade-Tunisie.com \/ Voyages\",\"isPartOf\":{\"@id\":\"https:\/\/escapade-tunisie.com\/voyages\/#website\"},\"primaryImageOfPage\":{\"@id\":\"https:\/\/escapade-tunisie.com\/voyages\/escapades\/circuit-sud-tunisien-villages-berberes-desert\/#primaryimage\"},\"image\":{\"@id\":\"https:\/\/escapade-tunisie.com\/voyages\/escapades\/circuit-sud-tunisien-villages-berberes-desert\/#primaryimage\"},\"thumbnailUrl\":\"https:\/\/i0.wp.com\/escapade-tunisie.com\/voyages\/wp-content\/uploads\/2013\/11\/randonnee-chameliere.jpg?fit=960%2C720&ssl=1\",\"datePublished\":\"2013-11-29T15:33:14+00:00\",\"dateModified\":\"2022-08-11T04:14:18+00:00\",\"description\":\"Un circuit \u00e0 la rencontre de la population locale, alliant d\u00e9couverte des villages berb\u00e8res du Dahar et deux journ\u00e9es de randonn\u00e9e chameli\u00e8re dans les dunes.\",\"breadcrumb\":{\"@id\":\"https:\/\/escapade-tunisie.com\/voyages\/escapades\/circuit-sud-tunisien-villages-berberes-desert\/#breadcrumb\"},\"inLanguage\":\"fr-FR\",\"potentialAction\":[{\"@type\":\"ReadAction\",\"target\":[\"https:\/\/escapade-tunisie.com\/voyages\/escapades\/circuit-sud-tunisien-villages-berberes-desert\/\"]}]},{\"@type\":\"ImageObject\",\"inLanguage\":\"fr-FR\",\"@id\":\"https:\/\/escapade-tunisie.com\/voyages\/escapades\/circuit-sud-tunisien-villages-berberes-desert\/#primaryimage\",\"url\":\"https:\/\/i0.wp.com\/escapade-tunisie.com\/voyages\/wp-content\/uploads\/2013\/11\/randonnee-chameliere.jpg?fit=960%2C720&ssl=1\",\"contentUrl\":\"https:\/\/i0.wp.com\/escapade-tunisie.com\/voyages\/wp-content\/uploads\/2013\/11\/randonnee-chameliere.jpg?fit=960%2C720&ssl=1\",\"width\":960,\"height\":720,\"caption\":\"randonnee sahara tunisie\"},{\"@type\":\"BreadcrumbList\",\"@id\":\"https:\/\/escapade-tunisie.com\/voyages\/escapades\/circuit-sud-tunisien-villages-berberes-desert\/#breadcrumb\",\"itemListElement\":[{\"@type\":\"ListItem\",\"position\":1,\"name\":\"Escapade-Tunisie.com\",\"item\":\"https:\/\/escapade-tunisie.com\/voyages\/\"},{\"@type\":\"ListItem\",\"position\":2,\"name\":\"Escapades\",\"item\":\"https:\/\/escapade-tunisie.com\/voyages\/escapades\/\"},{\"@type\":\"ListItem\",\"position\":3,\"name\":\"Villages berb\u00e8res et randonn\u00e9e chameli\u00e8re &#8211; Circuit 1 semaine\"}]},{\"@type\":\"WebSite\",\"@id\":\"https:\/\/escapade-tunisie.com\/voyages\/#website\",\"url\":\"https:\/\/escapade-tunisie.com\/voyages\/\",\"name\":\"Escapade-Tunisie.com \/ Voyages\",\"description\":\"\",\"potentialAction\":[{\"@type\":\"SearchAction\",\"target\":{\"@type\":\"EntryPoint\",\"urlTemplate\":\"https:\/\/escapade-tunisie.com\/voyages\/?s={search_term_string}\"},\"query-input\":\"required name=search_term_string\"}],\"inLanguage\":\"fr-FR\"}]}<\/script>\n<!-- \/ Yoast SEO plugin. -->","yoast_head_json":{"title":"Villages berb\u00e8res et randonn\u00e9e chameli\u00e8re - Circuit 1 semaine  - Escapade-Tunisie.com \/ Voyages","description":"Un circuit \u00e0 la rencontre de la population locale, alliant d\u00e9couverte des villages berb\u00e8res du Dahar et deux journ\u00e9es de randonn\u00e9e chameli\u00e8re dans les dunes.","robots":{"index":"index","follow":"follow","max-snippet":"max-snippet:-1","max-image-preview":"max-image-preview:large","max-video-preview":"max-video-preview:-1"},"canonical":"https:\/\/escapade-tunisie.com\/voyages\/escapades\/circuit-sud-tunisien-villages-berberes-desert\/","og_locale":"fr_FR","og_type":"article","og_title":"Villages berb\u00e8res et randonn\u00e9e chameli\u00e8re - Circuit 1 semaine  - Escapade-Tunisie.com \/ Voyages","og_description":"Un circuit \u00e0 la rencontre de la population locale, alliant d\u00e9couverte des villages berb\u00e8res du Dahar et deux journ\u00e9es de randonn\u00e9e chameli\u00e8re dans les dunes.","og_url":"https:\/\/escapade-tunisie.com\/voyages\/escapades\/circuit-sud-tunisien-villages-berberes-desert\/","og_site_name":"Escapade-Tunisie.com \/ Voyages","article_publisher":"https:\/\/www.facebook.com\/TerraNomadisTunisie","article_modified_time":"2022-08-11T04:14:18+00:00","og_image":[{"width":960,"height":720,"url":"https:\/\/i0.wp.com\/escapade-tunisie.com\/voyages\/wp-content\/uploads\/2013\/11\/randonnee-chameliere.jpg?fit=960%2C720&ssl=1","type":"image\/jpeg"}],"twitter_misc":{"Dur\u00e9e de lecture estim\u00e9e":"6 minutes"},"schema":{"@context":"https:\/\/schema.org","@graph":[{"@type":"WebPage","@id":"https:\/\/escapade-tunisie.com\/voyages\/escapades\/circuit-sud-tunisien-villages-berberes-desert\/","url":"https:\/\/escapade-tunisie.com\/voyages\/escapades\/circuit-sud-tunisien-villages-berberes-desert\/","name":"Villages berb\u00e8res et randonn\u00e9e chameli\u00e8re - Circuit 1 semaine - Escapade-Tunisie.com \/ Voyages","isPartOf":{"@id":"https:\/\/escapade-tunisie.com\/voyages\/#website"},"primaryImageOfPage":{"@id":"https:\/\/escapade-tunisie.com\/voyages\/escapades\/circuit-sud-tunisien-villages-berberes-desert\/#primaryimage"},"image":{"@id":"https:\/\/escapade-tunisie.com\/voyages\/escapades\/circuit-sud-tunisien-villages-berberes-desert\/#primaryimage"},"thumbnailUrl":"https:\/\/i0.wp.com\/escapade-tunisie.com\/voyages\/wp-content\/uploads\/2013\/11\/randonnee-chameliere.jpg?fit=960%2C720&ssl=1","datePublished":"2013-11-29T15:33:14+00:00","dateModified":"2022-08-11T04:14:18+00:00","description":"Un circuit \u00e0 la rencontre de la population locale, alliant d\u00e9couverte des villages berb\u00e8res du Dahar et deux journ\u00e9es de randonn\u00e9e chameli\u00e8re dans les dunes.","breadcrumb":{"@id":"https:\/\/escapade-tunisie.com\/voyages\/escapades\/circuit-sud-tunisien-villages-berberes-desert\/#breadcrumb"},"inLanguage":"fr-FR","potentialAction":[{"@type":"ReadAction","target":["https:\/\/escapade-tunisie.com\/voyages\/escapades\/circuit-sud-tunisien-villages-berberes-desert\/"]}]},{"@type":"ImageObject","inLanguage":"fr-FR","@id":"https:\/\/escapade-tunisie.com\/voyages\/escapades\/circuit-sud-tunisien-villages-berberes-desert\/#primaryimage","url":"https:\/\/i0.wp.com\/escapade-tunisie.com\/voyages\/wp-content\/uploads\/2013\/11\/randonnee-chameliere.jpg?fit=960%2C720&ssl=1","contentUrl":"https:\/\/i0.wp.com\/escapade-tunisie.com\/voyages\/wp-content\/uploads\/2013\/11\/randonnee-chameliere.jpg?fit=960%2C720&ssl=1","width":960,"height":720,"caption":"randonnee sahara tunisie"},{"@type":"BreadcrumbList","@id":"https:\/\/escapade-tunisie.com\/voyages\/escapades\/circuit-sud-tunisien-villages-berberes-desert\/#breadcrumb","itemListElement":[{"@type":"ListItem","position":1,"name":"Escapade-Tunisie.com","item":"https:\/\/escapade-tunisie.com\/voyages\/"},{"@type":"ListItem","position":2,"name":"Escapades","item":"https:\/\/escapade-tunisie.com\/voyages\/escapades\/"},{"@type":"ListItem","position":3,"name":"Villages berb\u00e8res et randonn\u00e9e chameli\u00e8re &#8211; Circuit 1 semaine"}]},{"@type":"WebSite","@id":"https:\/\/escapade-tunisie.com\/voyages\/#website","url":"https:\/\/escapade-tunisie.com\/voyages\/","name":"Escapade-Tunisie.com \/ Voyages","description":"","potentialAction":[{"@type":"SearchAction","target":{"@type":"EntryPoint","urlTemplate":"https:\/\/escapade-tunisie.com\/voyages\/?s={search_term_string}"},"query-input":"required name=search_term_string"}],"inLanguage":"fr-FR"}]}},"jetpack_sharing_enabled":true,"jetpack_likes_enabled":true,"_links":{"self":[{"href":"https:\/\/escapade-tunisie.com\/voyages\/wp-json\/wp\/v2\/product\/326"}],"collection":[{"href":"https:\/\/escapade-tunisie.com\/voyages\/wp-json\/wp\/v2\/product"}],"about":[{"href":"https:\/\/escapade-tunisie.com\/voyages\/wp-json\/wp\/v2\/types\/product"}],"replies":[{"embeddable":true,"href":"https:\/\/escapade-tunisie.com\/voyages\/wp-json\/wp\/v2\/comments?post=326"}],"wp:featuredmedia":[{"embeddable":true,"href":"https:\/\/escapade-tunisie.com\/voyages\/wp-json\/wp\/v2\/media\/328"}],"wp:attachment":[{"href":"https:\/\/escapade-tunisie.com\/voyages\/wp-json\/wp\/v2\/media?parent=326"}],"wp:term":[{"taxonomy":"product_cat","embeddable":true,"href":"https:\/\/escapade-tunisie.com\/voyages\/wp-json\/wp\/v2\/product_cat?post=326"},{"taxonomy":"product_tag","embeddable":true,"href":"https:\/\/escapade-tunisie.com\/voyages\/wp-json\/wp\/v2\/product_tag?post=326"}],"curies":[{"name":"wp","href":"https:\/\/api.w.org\/{rel}","templated":true}]}}