{"id":362,"date":"2014-02-06T13:25:53","date_gmt":"2014-02-06T12:25:53","guid":{"rendered":"http:\/\/escapade-tunisie.com\/voyages\/escapades\/excursion-dans-les-oasis-de-montagne-1-journee\/"},"modified":"2014-07-21T10:25:39","modified_gmt":"2014-07-21T09:25:39","slug":"excursion-dans-les-oasis-de-montagne-1-journee","status":"publish","type":"product","link":"https:\/\/escapade-tunisie.com\/voyages\/escapades\/excursion-dans-les-oasis-de-montagne-1-journee\/","title":{"rendered":"Excursion en 4&#215;4 dans les oasis de montagne &#8211; 1 journ\u00e9e"},"content":{"rendered":"<h2>Excursion dans les oasis de montagne<\/h2>\n<h2>&#8211; 1 journ\u00e9e en 4&#215;4 privatif<\/h2>\n<p>1 journ\u00e9e de Tozeur \u00e0 Tozeur<br \/>\nDu 1er novembre 2013 au 31 octobre 2014<\/p>\n<p>Impossible d\u2019aller \u00e0 Tozeur ou de faire un circuit dans le Sud tunisien sans passer par les oasis de montagne ! La visite des fameuses oasis de montagne fait partie int\u00e9grante de tous les circuits en 4\u00d74 propos\u00e9s \u00e0 partir de Tozeur. Pourtant, elles sont de ces lieux c\u00e9l\u00e8bres o\u00f9 presque personne n\u2019\u00e9tait all\u00e9 avant les ann\u00e9es 1970&#8230;<\/p>\n<p>Cette excursion en 4&#215;4 privatif vous permet de d\u00e9couvrir les 3 oasis Chebika, Tamerza et Mid\u00e8s avec un programme et des horaires d\u00e9cal\u00e9s par rapport aux circuits habituels afin d\u2019\u00e9viter les groupes de touristes.<strong><br \/>\n<\/strong><\/p>\n<p><!--more--><\/p>\n<p>&nbsp;<\/p>\n\n\t\t<div class='et_quote'>\n\t\t\t<div class='et_right_quote'>\n\t\t\t\t<p><a href=\"https:\/\/i0.wp.com\/escapade-tunisie.com\/voyages\/wp-content\/uploads\/2013\/08\/christine-cercle.jpg\"><img loading=\"lazy\" decoding=\"async\" class=\"alignleft\" alt=\"Christine | Escapade-Tunisie.com\" src=\"https:\/\/i0.wp.com\/escapade-tunisie.com\/voyages\/wp-content\/uploads\/2013\/08\/christine-cercle.jpg?resize=74%2C74\" width=\"74\" height=\"74\" data-recalc-dims=\"1\" \/><\/a><span style=\"color: #ff6600;\"><em>Malgr\u00e9 sa r\u00e9cente explosion touristique, cette r\u00e9gion n\u2019en reste pas moins un petit tr\u00e9sor que je vous invite \u00e0 visiter, mais plut\u00f4t \u00ab en hors-piste \u00bb, telle que l\u2019excursion propos\u00e9e avec, si possible, la randonn\u00e9e Tamerza &#8211; Mid\u00e8s.<\/em><\/span><\/p>\n<p><span style=\"color: #ff6600;\"><em>De ces trois oasis, Mid\u00e8s est ma pr\u00e9f\u00e9r\u00e9e. Que l\u2019on soit au fond du canyon ou sur les hauteurs du village, tout est grandiose. Une harmonie parfaite avec la nature. Un d\u00e9cor rude comme a d\u00fb y \u00eatre la vie pour \u00e9tablir un village sur un tel promontoire. De ces trois oasis, c\u2019est aussi la moins visit\u00e9e. Plus \u00e9loign\u00e9e, pas de cascade qui fait r\u00eaver ? Tant mieux\u2026<\/em><\/span><\/p>\n<p>&nbsp;<\/p>\n\t\t\t\t\n\t\t\t<\/div>\n\t\t\t<span class='et_quote_sign'><\/span>\n\t\t<\/div>\n\t\n<p style=\"text-align: center;\"><a href=\"https:\/\/i0.wp.com\/escapade-tunisie.com\/voyages\/wp-content\/uploads\/2014\/02\/mides-canyon-haut.jpg\"><img loading=\"lazy\" decoding=\"async\" data-attachment-id=\"369\" data-permalink=\"https:\/\/escapade-tunisie.com\/voyages\/?attachment_id=369\" data-orig-file=\"https:\/\/i0.wp.com\/escapade-tunisie.com\/voyages\/wp-content\/uploads\/2014\/02\/mides-canyon-haut.jpg?fit=960%2C540&amp;ssl=1\" data-orig-size=\"960,540\" data-comments-opened=\"1\" data-image-meta=\"{&quot;aperture&quot;:&quot;4&quot;,&quot;credit&quot;:&quot;Picasa&quot;,&quot;camera&quot;:&quot;DCR-SR90E&quot;,&quot;caption&quot;:&quot;&quot;,&quot;created_timestamp&quot;:&quot;1232282559&quot;,&quot;copyright&quot;:&quot;&quot;,&quot;focal_length&quot;:&quot;5.1&quot;,&quot;iso&quot;:&quot;0&quot;,&quot;shutter_speed&quot;:&quot;0.00235294117647&quot;,&quot;title&quot;:&quot;&quot;}\" data-image-title=\"mides-canyon\" data-image-description=\"&lt;p&gt;Oasis de montagne &#8211; Mid\u00e8s | Escapade Tunisie&lt;\/p&gt;\n\" data-image-caption=\"\" data-medium-file=\"https:\/\/i0.wp.com\/escapade-tunisie.com\/voyages\/wp-content\/uploads\/2014\/02\/mides-canyon-haut.jpg?fit=300%2C168&amp;ssl=1\" data-large-file=\"https:\/\/i0.wp.com\/escapade-tunisie.com\/voyages\/wp-content\/uploads\/2014\/02\/mides-canyon-haut.jpg?fit=545%2C307&amp;ssl=1\" class=\"aligncenter size-full wp-image-369\" alt=\"canyon mides\" src=\"https:\/\/i0.wp.com\/escapade-tunisie.com\/voyages\/wp-content\/uploads\/2014\/02\/mides-canyon-haut.jpg?resize=545%2C307\" width=\"545\" height=\"307\" srcset=\"https:\/\/i0.wp.com\/escapade-tunisie.com\/voyages\/wp-content\/uploads\/2014\/02\/mides-canyon-haut.jpg?w=960&amp;ssl=1 960w, https:\/\/i0.wp.com\/escapade-tunisie.com\/voyages\/wp-content\/uploads\/2014\/02\/mides-canyon-haut.jpg?resize=300%2C168&amp;ssl=1 300w, https:\/\/i0.wp.com\/escapade-tunisie.com\/voyages\/wp-content\/uploads\/2014\/02\/mides-canyon-haut.jpg?resize=220%2C123&amp;ssl=1 220w, https:\/\/i0.wp.com\/escapade-tunisie.com\/voyages\/wp-content\/uploads\/2014\/02\/mides-canyon-haut.jpg?resize=187%2C105&amp;ssl=1 187w, https:\/\/i0.wp.com\/escapade-tunisie.com\/voyages\/wp-content\/uploads\/2014\/02\/mides-canyon-haut.jpg?resize=453%2C254&amp;ssl=1 453w, https:\/\/i0.wp.com\/escapade-tunisie.com\/voyages\/wp-content\/uploads\/2014\/02\/mides-canyon-haut.jpg?resize=90%2C50&amp;ssl=1 90w, https:\/\/i0.wp.com\/escapade-tunisie.com\/voyages\/wp-content\/uploads\/2014\/02\/mides-canyon-haut.jpg?resize=150%2C84&amp;ssl=1 150w\" sizes=\"(max-width: 545px) 100vw, 545px\" data-recalc-dims=\"1\" \/><\/a><em>Mides, spectaculaire d\u00e9cor de far west \u00e0 la tunisienne&#8230;<\/em><\/p>\n<p>&nbsp;<\/p>\n<h2><span style=\"color: #ff6600;\">PROGRAMME (adaptable \u00e0 vos envies)<\/span><\/h2>\n<p>&nbsp;<\/p>\n<h2><strong>Matin : Tozeur \/ Tamerza \/ Mid\u00e8s<\/strong><\/h2>\n<p>D\u00e9part de votre h\u00f4tel \u00e0 Tozeur pour les oasis de montagne. Travers\u00e9e de El Hamma et ses sources thermales, puis un petit chott, une zone sableuse, un oued et enfin la steppe, ponctu\u00e9e au printemps de campements nomades. Au loin, le jebel En-Negueb abritant les 3 oasis de montagne culmine \u00e0 900 m.<\/p>\n<p>Apr\u00e8s Chebika, la route s&rsquo;\u00e9l\u00e8ve en une vertigineuse ascension offrant de superbes panoramas sur l&rsquo;oued qui s&rsquo;\u00e9coule et le chott el Gharsa.<\/p>\n<p>D\u00e9couverte de l\u2019oasis de Tamerza, de sa grande et de sa petite cascade, de sa palmeraie puis de son village fant\u00f4me o\u00f9 vous pourrez vous perdre et y d\u00e9couvrir les anciennes traces de la vie quotidienne.<\/p>\n<p><strong>En option<\/strong> : Randonn\u00e9e guid\u00e9e de Tamerza \u00e0 Mid\u00e8s (dur\u00e9e : environ 2h30)<\/p>\n<p>&nbsp;<\/p>\n<p>&nbsp;<\/p>\n<h2><strong>Midi : Mid\u00e8s<br \/>\n<\/strong><\/h2>\n<p>La petite palmeraie dissimule le vieux village de Mid\u00e8s, abandonn\u00e9 lui aussi depuis les pluies torrentielles de 1969. Spectaculaire d\u00e9cor de far west \u00e0 la tunisienne. Sa partie la plus ancienne \u00e9tait install\u00e9e sur un promontoire rocheux prot\u00e9g\u00e9 sur trois de ses c\u00f4t\u00e9s par des gorges profondes et spectaculaires, v\u00e9ritable canyon.<\/p>\n<p>Visite guid\u00e9e de l\u2019oasis de Mid\u00e8s avec son vieux village, son canyon et sa palmeraie, en compagnie d\u2019un jeune du village.<\/p>\n<p>D\u00e9jeuner dans la palmeraie. Repas pr\u00e9par\u00e9 par les femmes de la famille.<\/p>\n<p>&nbsp;<\/p>\n<p>&nbsp;<\/p>\n<h2><strong>Apr\u00e8s-midi : Mid\u00e8s \/ Chebika \/ Tozeur<br \/>\n<\/strong><\/h2>\n<p>Retour vers Chebika par la m\u00eame route. M\u00eame route, mais avec un autre panorama sur la plaine et le chott au pied de la montagne.<\/p>\n<p>D\u00e9couverte de l\u2019oasis de Chebika. Le ruisseau canalis\u00e9 est votre guide \u00e0 travers la palmeraie jusqu\u2019\u00e0 la source d\u2019eau. En chemin, une petite cascade et un bassin d\u2019une eau transparente bleut\u00e9e o\u00f9 il est possible de barboter.<\/p>\n<p>Des marches permettent de gravir la colline. Formes \u00e9tranges aux multiples couleurs, particuli\u00e8rement en fin de journ\u00e9e quand le soleil rougit les flancs rocheux et escarp\u00e9s de la montagne. Le chemin redescend en traversant le vieux village en ruines.<\/p>\n<p>Retour \u00e0 Tozeur pour une arriv\u00e9e \u00e0 votre h\u00f4tel en fin de journ\u00e9e.<\/p>\n<p><strong><\/strong><strong><br \/>\n<\/strong><\/p>\n<p style=\"text-align: center;\"><a href=\"https:\/\/i0.wp.com\/escapade-tunisie.com\/voyages\/wp-content\/uploads\/2014\/02\/tamerza-village-ancien.jpg\"><img loading=\"lazy\" decoding=\"async\" data-attachment-id=\"372\" data-permalink=\"https:\/\/escapade-tunisie.com\/voyages\/?attachment_id=372\" data-orig-file=\"https:\/\/i0.wp.com\/escapade-tunisie.com\/voyages\/wp-content\/uploads\/2014\/02\/tamerza-village-ancien.jpg?fit=960%2C608&amp;ssl=1\" data-orig-size=\"960,608\" data-comments-opened=\"1\" data-image-meta=\"{&quot;aperture&quot;:&quot;10&quot;,&quot;credit&quot;:&quot;Picasa&quot;,&quot;camera&quot;:&quot;u30D,S410D,u410D&quot;,&quot;caption&quot;:&quot;&quot;,&quot;created_timestamp&quot;:&quot;1112872171&quot;,&quot;copyright&quot;:&quot;&quot;,&quot;focal_length&quot;:&quot;8.76&quot;,&quot;iso&quot;:&quot;64&quot;,&quot;shutter_speed&quot;:&quot;0.00625&quot;,&quot;title&quot;:&quot;OLYMPUS DIGITAL CAMERA&quot;}\" data-image-title=\"tamerza village\" data-image-description=\"\" data-image-caption=\"\" data-medium-file=\"https:\/\/i0.wp.com\/escapade-tunisie.com\/voyages\/wp-content\/uploads\/2014\/02\/tamerza-village-ancien.jpg?fit=300%2C190&amp;ssl=1\" data-large-file=\"https:\/\/i0.wp.com\/escapade-tunisie.com\/voyages\/wp-content\/uploads\/2014\/02\/tamerza-village-ancien.jpg?fit=545%2C345&amp;ssl=1\" class=\"aligncenter size-full wp-image-372\" alt=\"tamerza village ancien\" src=\"https:\/\/i0.wp.com\/escapade-tunisie.com\/voyages\/wp-content\/uploads\/2014\/02\/tamerza-village-ancien.jpg?resize=545%2C345\" width=\"545\" height=\"345\" srcset=\"https:\/\/i0.wp.com\/escapade-tunisie.com\/voyages\/wp-content\/uploads\/2014\/02\/tamerza-village-ancien.jpg?w=960&amp;ssl=1 960w, https:\/\/i0.wp.com\/escapade-tunisie.com\/voyages\/wp-content\/uploads\/2014\/02\/tamerza-village-ancien.jpg?resize=300%2C190&amp;ssl=1 300w, https:\/\/i0.wp.com\/escapade-tunisie.com\/voyages\/wp-content\/uploads\/2014\/02\/tamerza-village-ancien.jpg?resize=220%2C139&amp;ssl=1 220w, https:\/\/i0.wp.com\/escapade-tunisie.com\/voyages\/wp-content\/uploads\/2014\/02\/tamerza-village-ancien.jpg?resize=187%2C118&amp;ssl=1 187w, https:\/\/i0.wp.com\/escapade-tunisie.com\/voyages\/wp-content\/uploads\/2014\/02\/tamerza-village-ancien.jpg?resize=453%2C286&amp;ssl=1 453w, https:\/\/i0.wp.com\/escapade-tunisie.com\/voyages\/wp-content\/uploads\/2014\/02\/tamerza-village-ancien.jpg?resize=90%2C57&amp;ssl=1 90w, https:\/\/i0.wp.com\/escapade-tunisie.com\/voyages\/wp-content\/uploads\/2014\/02\/tamerza-village-ancien.jpg?resize=150%2C95&amp;ssl=1 150w\" sizes=\"(max-width: 545px) 100vw, 545px\" data-recalc-dims=\"1\" \/><\/a><em>Vue sur le village fant\u00f4me de Tamerza&#8230;<\/em><\/p>\n<p>&nbsp;<\/p>\n<div class='et-box et-shadow'>\n\t\t\t\t\t<div class='et-box-content'><h2><span style=\"color: #ff6600;\">Demande de r\u00e9servation<\/span><\/h2>\n<p style=\"text-align: left;\">\n<div class=\"wpcf7 no-js\" id=\"wpcf7-f363-o1\" lang=\"fr-FR\" dir=\"ltr\">\n<div class=\"screen-reader-response\"><p role=\"status\" aria-live=\"polite\" aria-atomic=\"true\"><\/p> <ul><\/ul><\/div>\n<form action=\"\/voyages\/wp-json\/wp\/v2\/product\/362#wpcf7-f363-o1\" method=\"post\" class=\"wpcf7-form init\" aria-label=\"Formulaire de contact\" novalidate=\"novalidate\" data-status=\"init\">\n<div style=\"display: none;\">\n<input type=\"hidden\" name=\"_wpcf7\" value=\"363\" \/>\n<input type=\"hidden\" name=\"_wpcf7_version\" value=\"5.9.3\" \/>\n<input type=\"hidden\" name=\"_wpcf7_locale\" value=\"fr_FR\" \/>\n<input type=\"hidden\" name=\"_wpcf7_unit_tag\" value=\"wpcf7-f363-o1\" \/>\n<input type=\"hidden\" name=\"_wpcf7_container_post\" value=\"0\" \/>\n<input type=\"hidden\" name=\"_wpcf7_posted_data_hash\" value=\"\" \/>\n<input type=\"hidden\" name=\"_wpcf7_recaptcha_response\" value=\"\" \/>\n<\/div>\n<p><span class=\"wpcf7-form-control-wrap\" data-name=\"nom\"><input size=\"40\" class=\"wpcf7-form-control wpcf7-text wpcf7-validates-as-required\" aria-required=\"true\" aria-invalid=\"false\" placeholder=\"Nom *\" value=\"\" type=\"text\" name=\"nom\" \/><\/span>\n<\/p>\n<p><span class=\"wpcf7-form-control-wrap\" data-name=\"email\"><input size=\"40\" class=\"wpcf7-form-control wpcf7-email wpcf7-validates-as-required wpcf7-text wpcf7-validates-as-email\" aria-required=\"true\" aria-invalid=\"false\" placeholder=\"Email *\" value=\"\" type=\"email\" name=\"email\" \/><\/span>\n<\/p>\n<p><span class=\"wpcf7-form-control-wrap\" data-name=\"message\"><textarea cols=\"60\" rows=\"3\" class=\"wpcf7-form-control wpcf7-textarea\" aria-invalid=\"false\" placeholder=\"Message (optionnel)\" name=\"message\"><\/textarea><\/span>\n<\/p>\n<p><input class=\"wpcf7-form-control wpcf7-submit has-spinner\" type=\"submit\" value=\"Envoyer\" \/>\n<\/p><p style=\"display: none !important;\" class=\"akismet-fields-container\" data-prefix=\"_wpcf7_ak_\"><label>&#916;<textarea name=\"_wpcf7_ak_hp_textarea\" cols=\"45\" rows=\"8\" maxlength=\"100\"><\/textarea><\/label><input type=\"hidden\" id=\"ak_js_1\" name=\"_wpcf7_ak_js\" value=\"96\"\/><script>document.getElementById( \"ak_js_1\" ).setAttribute( \"value\", ( new Date() ).getTime() );<\/script><\/p><div class=\"wpcf7-response-output\" aria-hidden=\"true\"><\/div>\n<\/form>\n<\/div>\n<\/p>\n<p>&nbsp;<\/p>\n<h2><span style=\"color: #ff6600;\">Prix<\/span><\/h2>\n<p>35 \u20ac ou 70 DT par personne \u00e0 partir d&rsquo;un groupe de 4 personnes + 30 \u20ac pour mes prestations<\/p>\n<p>Prix valables jusqu&rsquo;au 31 octobre 2014<\/p>\n<p>Voir le d\u00e9tail des prix dans l&rsquo;onglet \u00ab\u00a0Prix &amp; Conditions\u00a0\u00bb <em>(Cliquez sur la fl\u00e8che verte pour remonter)<\/em><\/p>\n<p>&nbsp;<\/p>\n<h2><span style=\"color: #ff6600;\">Excursion \u00e0 la carte ?<\/span><\/h2>\n<p>Vous souhaitez une excursion plus longue, plus courte ? Un arr\u00eat dans un lieu particulier, une randonn\u00e9e \u00e0 la place d&rsquo;une visite en 4&#215;4 ? Vous avez votre propre voiture et d\u00e9sirez seulement le d\u00e9jeuner dans la palmeraie, la visite guid\u00e9e de Mid\u00e8s ou une randonn\u00e9e ? Une autre envie ?<\/p>\n<p>C&rsquo;est possible !<\/p>\n<p>Cette excursion \u00e9tant propos\u00e9e par une agence de voyages et des prestataires locaux,\u00a0 toutes sortes de modifications sont envisageables.<\/p>\n<p>Cliquez sur <a href='http:\/\/escapade-tunisie.com\/voyages\/reservation\/' class='small-button smallsilver' target=\"_blank\">R\u00e9server<\/a> et faites moi part de vos envies en compl\u00e9tant le formulaire.<\/p><\/div><\/div>\n<p>&nbsp;<\/p>\n<h4>Vos recherches :<\/h4>https:\/\/escapade-tunisie com\/voyages\/escapades\/excursion-dans-les-oasis-de-montagne-1-journee\/","protected":false},"excerpt":{"rendered":"<p dir=\"ltr\" id=\"docs-internal-guid--1623a06-aebf-aaff-a05a-92fb3e02f678\"><strong>Excursion dans les oasis de montagne &#8211; 1 journ\u00e9e<\/strong><\/p>\n<p>Excursion d\u2019une journ\u00e9e en 4&#215;4 privatif dans les oasis de montagne \u00e0 partir de Tozeur. D\u00e9jeuner dans la palmeraie et visite guid\u00e9e de Mid\u00e8s. D\u00e9couverte libre de Chebika et Tamerza.<br \/>\n<em>En option : randonn\u00e9e guid\u00e9e de Tamerza \u00e0 Mid\u00e8s<\/em><\/p>\n","protected":false},"featured_media":365,"comment_status":"open","ping_status":"closed","template":"","meta":[],"product_cat":[17],"product_tag":[37,36],"yoast_head":"<!-- This site is optimized with the Yoast SEO plugin v22.5 - https:\/\/yoast.com\/wordpress\/plugins\/seo\/ -->\n<title>Excursion en 4x4 dans les oasis de montagne - 1 journ\u00e9e - Escapade-Tunisie.com \/ Voyages<\/title>\n<meta name=\"description\" content=\"Excursion d\u2019une journ\u00e9e en 4\u00d74 privatif dans les oasis de montagne \u00e0 partir de Tozeur. D\u00e9jeuner dans la palmeraie et visite guid\u00e9e de Mid\u00e8s. D\u00e9couverte libre de Chebika et Tamerza.\" \/>\n<meta name=\"robots\" content=\"index, follow, max-snippet:-1, max-image-preview:large, max-video-preview:-1\" \/>\n<link rel=\"canonical\" href=\"http:\/\/escapade-tunisie.com\/voyages\/escapades\/excursion-dans-les-oasis-de-montagne-1-journee\/\" \/>\n<meta property=\"og:locale\" content=\"fr_FR\" \/>\n<meta property=\"og:type\" content=\"article\" \/>\n<meta property=\"og:title\" content=\"Excursion en 4x4 dans les oasis de montagne - 1 journ\u00e9e - Escapade-Tunisie.com \/ Voyages\" \/>\n<meta property=\"og:description\" content=\"Excursion d\u2019une journ\u00e9e en 4\u00d74 privatif dans les oasis de montagne \u00e0 partir de Tozeur. D\u00e9jeuner dans la palmeraie et visite guid\u00e9e de Mid\u00e8s. D\u00e9couverte libre de Chebika et Tamerza.\" \/>\n<meta property=\"og:url\" content=\"http:\/\/escapade-tunisie.com\/voyages\/escapades\/excursion-dans-les-oasis-de-montagne-1-journee\/\" \/>\n<meta property=\"og:site_name\" content=\"Escapade-Tunisie.com \/ Voyages\" \/>\n<meta property=\"article:publisher\" content=\"https:\/\/www.facebook.com\/TerraNomadisTunisie\" \/>\n<meta property=\"article:modified_time\" content=\"2014-07-21T09:25:39+00:00\" \/>\n<meta property=\"og:image\" content=\"https:\/\/i0.wp.com\/escapade-tunisie.com\/voyages\/wp-content\/uploads\/2014\/02\/chebika-source.jpg?fit=960%2C720\" \/>\n\t<meta property=\"og:image:width\" content=\"960\" \/>\n\t<meta property=\"og:image:height\" content=\"720\" \/>\n\t<meta property=\"og:image:type\" content=\"image\/jpeg\" \/>\n<meta name=\"twitter:label1\" content=\"Dur\u00e9e de lecture estim\u00e9e\" \/>\n\t<meta name=\"twitter:data1\" content=\"4 minutes\" \/>\n<script type=\"application\/ld+json\" class=\"yoast-schema-graph\">{\"@context\":\"https:\/\/schema.org\",\"@graph\":[{\"@type\":\"WebPage\",\"@id\":\"http:\/\/escapade-tunisie.com\/voyages\/escapades\/excursion-dans-les-oasis-de-montagne-1-journee\/\",\"url\":\"http:\/\/escapade-tunisie.com\/voyages\/escapades\/excursion-dans-les-oasis-de-montagne-1-journee\/\",\"name\":\"Excursion en 4x4 dans les oasis de montagne - 1 journ\u00e9e - Escapade-Tunisie.com \/ Voyages\",\"isPartOf\":{\"@id\":\"https:\/\/escapade-tunisie.com\/voyages\/#website\"},\"primaryImageOfPage\":{\"@id\":\"http:\/\/escapade-tunisie.com\/voyages\/escapades\/excursion-dans-les-oasis-de-montagne-1-journee\/#primaryimage\"},\"image\":{\"@id\":\"http:\/\/escapade-tunisie.com\/voyages\/escapades\/excursion-dans-les-oasis-de-montagne-1-journee\/#primaryimage\"},\"thumbnailUrl\":\"https:\/\/i0.wp.com\/escapade-tunisie.com\/voyages\/wp-content\/uploads\/2014\/02\/chebika-source.jpg?fit=960%2C720&ssl=1\",\"datePublished\":\"2014-02-06T12:25:53+00:00\",\"dateModified\":\"2014-07-21T09:25:39+00:00\",\"description\":\"Excursion d\u2019une journ\u00e9e en 4\u00d74 privatif dans les oasis de montagne \u00e0 partir de Tozeur. D\u00e9jeuner dans la palmeraie et visite guid\u00e9e de Mid\u00e8s. D\u00e9couverte libre de Chebika et Tamerza.\",\"breadcrumb\":{\"@id\":\"http:\/\/escapade-tunisie.com\/voyages\/escapades\/excursion-dans-les-oasis-de-montagne-1-journee\/#breadcrumb\"},\"inLanguage\":\"fr-FR\",\"potentialAction\":[{\"@type\":\"ReadAction\",\"target\":[\"http:\/\/escapade-tunisie.com\/voyages\/escapades\/excursion-dans-les-oasis-de-montagne-1-journee\/\"]}]},{\"@type\":\"ImageObject\",\"inLanguage\":\"fr-FR\",\"@id\":\"http:\/\/escapade-tunisie.com\/voyages\/escapades\/excursion-dans-les-oasis-de-montagne-1-journee\/#primaryimage\",\"url\":\"https:\/\/i0.wp.com\/escapade-tunisie.com\/voyages\/wp-content\/uploads\/2014\/02\/chebika-source.jpg?fit=960%2C720&ssl=1\",\"contentUrl\":\"https:\/\/i0.wp.com\/escapade-tunisie.com\/voyages\/wp-content\/uploads\/2014\/02\/chebika-source.jpg?fit=960%2C720&ssl=1\",\"width\":960,\"height\":720,\"caption\":\"source chebika\"},{\"@type\":\"BreadcrumbList\",\"@id\":\"http:\/\/escapade-tunisie.com\/voyages\/escapades\/excursion-dans-les-oasis-de-montagne-1-journee\/#breadcrumb\",\"itemListElement\":[{\"@type\":\"ListItem\",\"position\":1,\"name\":\"Escapade-Tunisie.com\",\"item\":\"https:\/\/escapade-tunisie.com\/voyages\/\"},{\"@type\":\"ListItem\",\"position\":2,\"name\":\"Escapades\",\"item\":\"http:\/\/escapade-tunisie.com\/voyages\/escapades\/\"},{\"@type\":\"ListItem\",\"position\":3,\"name\":\"Excursion en 4&#215;4 dans les oasis de montagne &#8211; 1 journ\u00e9e\"}]},{\"@type\":\"WebSite\",\"@id\":\"https:\/\/escapade-tunisie.com\/voyages\/#website\",\"url\":\"https:\/\/escapade-tunisie.com\/voyages\/\",\"name\":\"Escapade-Tunisie.com \/ Voyages\",\"description\":\"\",\"potentialAction\":[{\"@type\":\"SearchAction\",\"target\":{\"@type\":\"EntryPoint\",\"urlTemplate\":\"https:\/\/escapade-tunisie.com\/voyages\/?s={search_term_string}\"},\"query-input\":\"required name=search_term_string\"}],\"inLanguage\":\"fr-FR\"}]}<\/script>\n<!-- \/ Yoast SEO plugin. -->","yoast_head_json":{"title":"Excursion en 4x4 dans les oasis de montagne - 1 journ\u00e9e - Escapade-Tunisie.com \/ Voyages","description":"Excursion d\u2019une journ\u00e9e en 4\u00d74 privatif dans les oasis de montagne \u00e0 partir de Tozeur. D\u00e9jeuner dans la palmeraie et visite guid\u00e9e de Mid\u00e8s. D\u00e9couverte libre de Chebika et Tamerza.","robots":{"index":"index","follow":"follow","max-snippet":"max-snippet:-1","max-image-preview":"max-image-preview:large","max-video-preview":"max-video-preview:-1"},"canonical":"http:\/\/escapade-tunisie.com\/voyages\/escapades\/excursion-dans-les-oasis-de-montagne-1-journee\/","og_locale":"fr_FR","og_type":"article","og_title":"Excursion en 4x4 dans les oasis de montagne - 1 journ\u00e9e - Escapade-Tunisie.com \/ Voyages","og_description":"Excursion d\u2019une journ\u00e9e en 4\u00d74 privatif dans les oasis de montagne \u00e0 partir de Tozeur. D\u00e9jeuner dans la palmeraie et visite guid\u00e9e de Mid\u00e8s. D\u00e9couverte libre de Chebika et Tamerza.","og_url":"http:\/\/escapade-tunisie.com\/voyages\/escapades\/excursion-dans-les-oasis-de-montagne-1-journee\/","og_site_name":"Escapade-Tunisie.com \/ Voyages","article_publisher":"https:\/\/www.facebook.com\/TerraNomadisTunisie","article_modified_time":"2014-07-21T09:25:39+00:00","og_image":[{"width":960,"height":720,"url":"https:\/\/i0.wp.com\/escapade-tunisie.com\/voyages\/wp-content\/uploads\/2014\/02\/chebika-source.jpg?fit=960%2C720","type":"image\/jpeg"}],"twitter_misc":{"Dur\u00e9e de lecture estim\u00e9e":"4 minutes"},"schema":{"@context":"https:\/\/schema.org","@graph":[{"@type":"WebPage","@id":"http:\/\/escapade-tunisie.com\/voyages\/escapades\/excursion-dans-les-oasis-de-montagne-1-journee\/","url":"http:\/\/escapade-tunisie.com\/voyages\/escapades\/excursion-dans-les-oasis-de-montagne-1-journee\/","name":"Excursion en 4x4 dans les oasis de montagne - 1 journ\u00e9e - Escapade-Tunisie.com \/ Voyages","isPartOf":{"@id":"https:\/\/escapade-tunisie.com\/voyages\/#website"},"primaryImageOfPage":{"@id":"http:\/\/escapade-tunisie.com\/voyages\/escapades\/excursion-dans-les-oasis-de-montagne-1-journee\/#primaryimage"},"image":{"@id":"http:\/\/escapade-tunisie.com\/voyages\/escapades\/excursion-dans-les-oasis-de-montagne-1-journee\/#primaryimage"},"thumbnailUrl":"https:\/\/i0.wp.com\/escapade-tunisie.com\/voyages\/wp-content\/uploads\/2014\/02\/chebika-source.jpg?fit=960%2C720&ssl=1","datePublished":"2014-02-06T12:25:53+00:00","dateModified":"2014-07-21T09:25:39+00:00","description":"Excursion d\u2019une journ\u00e9e en 4\u00d74 privatif dans les oasis de montagne \u00e0 partir de Tozeur. D\u00e9jeuner dans la palmeraie et visite guid\u00e9e de Mid\u00e8s. D\u00e9couverte libre de Chebika et Tamerza.","breadcrumb":{"@id":"http:\/\/escapade-tunisie.com\/voyages\/escapades\/excursion-dans-les-oasis-de-montagne-1-journee\/#breadcrumb"},"inLanguage":"fr-FR","potentialAction":[{"@type":"ReadAction","target":["http:\/\/escapade-tunisie.com\/voyages\/escapades\/excursion-dans-les-oasis-de-montagne-1-journee\/"]}]},{"@type":"ImageObject","inLanguage":"fr-FR","@id":"http:\/\/escapade-tunisie.com\/voyages\/escapades\/excursion-dans-les-oasis-de-montagne-1-journee\/#primaryimage","url":"https:\/\/i0.wp.com\/escapade-tunisie.com\/voyages\/wp-content\/uploads\/2014\/02\/chebika-source.jpg?fit=960%2C720&ssl=1","contentUrl":"https:\/\/i0.wp.com\/escapade-tunisie.com\/voyages\/wp-content\/uploads\/2014\/02\/chebika-source.jpg?fit=960%2C720&ssl=1","width":960,"height":720,"caption":"source chebika"},{"@type":"BreadcrumbList","@id":"http:\/\/escapade-tunisie.com\/voyages\/escapades\/excursion-dans-les-oasis-de-montagne-1-journee\/#breadcrumb","itemListElement":[{"@type":"ListItem","position":1,"name":"Escapade-Tunisie.com","item":"https:\/\/escapade-tunisie.com\/voyages\/"},{"@type":"ListItem","position":2,"name":"Escapades","item":"http:\/\/escapade-tunisie.com\/voyages\/escapades\/"},{"@type":"ListItem","position":3,"name":"Excursion en 4&#215;4 dans les oasis de montagne &#8211; 1 journ\u00e9e"}]},{"@type":"WebSite","@id":"https:\/\/escapade-tunisie.com\/voyages\/#website","url":"https:\/\/escapade-tunisie.com\/voyages\/","name":"Escapade-Tunisie.com \/ Voyages","description":"","potentialAction":[{"@type":"SearchAction","target":{"@type":"EntryPoint","urlTemplate":"https:\/\/escapade-tunisie.com\/voyages\/?s={search_term_string}"},"query-input":"required name=search_term_string"}],"inLanguage":"fr-FR"}]}},"jetpack_sharing_enabled":true,"jetpack_likes_enabled":true,"_links":{"self":[{"href":"https:\/\/escapade-tunisie.com\/voyages\/wp-json\/wp\/v2\/product\/362"}],"collection":[{"href":"https:\/\/escapade-tunisie.com\/voyages\/wp-json\/wp\/v2\/product"}],"about":[{"href":"https:\/\/escapade-tunisie.com\/voyages\/wp-json\/wp\/v2\/types\/product"}],"replies":[{"embeddable":true,"href":"https:\/\/escapade-tunisie.com\/voyages\/wp-json\/wp\/v2\/comments?post=362"}],"wp:featuredmedia":[{"embeddable":true,"href":"https:\/\/escapade-tunisie.com\/voyages\/wp-json\/wp\/v2\/media\/365"}],"wp:attachment":[{"href":"https:\/\/escapade-tunisie.com\/voyages\/wp-json\/wp\/v2\/media?parent=362"}],"wp:term":[{"taxonomy":"product_cat","embeddable":true,"href":"https:\/\/escapade-tunisie.com\/voyages\/wp-json\/wp\/v2\/product_cat?post=362"},{"taxonomy":"product_tag","embeddable":true,"href":"https:\/\/escapade-tunisie.com\/voyages\/wp-json\/wp\/v2\/product_tag?post=362"}],"curies":[{"name":"wp","href":"https:\/\/api.w.org\/{rel}","templated":true}]}}