{"id":375,"date":"2014-03-02T12:30:31","date_gmt":"2014-03-02T11:30:31","guid":{"rendered":"http:\/\/escapade-tunisie.com\/voyages\/escapades\/1-nuit-dans-une-cabane-dans-les-palmiers\/"},"modified":"2014-03-18T13:39:16","modified_gmt":"2014-03-18T12:39:16","slug":"1-nuit-dans-une-cabane-dans-les-palmiers","status":"publish","type":"product","link":"https:\/\/escapade-tunisie.com\/voyages\/escapades\/1-nuit-dans-une-cabane-dans-les-palmiers\/","title":{"rendered":"1 nuit dans une cabane dans les palmiers"},"content":{"rendered":"<p><strong>S\u00e9jour 1 nuit avec petit-d\u00e9jeuner. <\/strong><\/p>\n<p><strong>Prix par lodge 1 ou 2 chambres + salle de bain.<\/strong><\/p>\n<p>Une cabane dans les arbres, on en a tous r\u00eav\u00e9 ! Il y en a \u00e0 Tozeur, de luxe, et dans les palmiers&#8230;<\/p>\n<p>Des lodges con\u00e7us enti\u00e8rement en bois, construits sur pilotis, parfaitement int\u00e9gr\u00e9s dans la palmeraie et joliment d\u00e9cor\u00e9s. Alliant luxe, simplicit\u00e9 et traditions locales, ils sont de tout confort au c\u0153ur d&rsquo;un cadre exceptionnel.<\/p>\n<p>&nbsp;<\/p>\n\n\t\t<div class='et_quote'>\n\t\t\t<div class='et_right_quote'>\n\t\t\t\t<p><a href=\"https:\/\/i0.wp.com\/escapade-tunisie.com\/voyages\/wp-content\/uploads\/2013\/08\/christine-cercle.jpg\"><img loading=\"lazy\" decoding=\"async\" class=\"alignleft\" alt=\"Christine | Escapade-Tunisie.com\" src=\"https:\/\/i0.wp.com\/escapade-tunisie.com\/voyages\/wp-content\/uploads\/2013\/08\/christine-cercle.jpg?resize=74%2C74\" width=\"74\" height=\"74\" data-recalc-dims=\"1\" \/><\/a><\/p>\n<p><span style=\"color: #ff6600;\">Le lieu n&rsquo;a rien d&rsquo;un h\u00f4tel. Vous \u00eates en plein c\u0153ur de la palmeraie, dans une parcelle cultiv\u00e9e &#8211; bio. Vous \u00eates d&rsquo;ailleurs cordialement invit\u00e9s \u00e0 participer \u00e0 la vie agricole de l&rsquo;oasis. Pas de services : le petit-d\u00e9jeuner est \u00e0 pr\u00e9parer soi-m\u00eame mais tout est \u00e0 disposition, mat\u00e9riel et aliments, dans le lodge.<\/span><\/p>\n<p><span style=\"color: #ff6600;\">Une exp\u00e9rience insolite \u00e0 s&rsquo;offrir juste pour une nuit ou un week-end. En amoureux et m\u00eame en famille, le prix est le m\u00eame quel que soit le nombre de personnes.<\/span><\/p>\n\t\t\t\t\n\t\t\t<\/div>\n\t\t\t<span class='et_quote_sign'><\/span>\n\t\t<\/div>\n\t\n<p><a href=\"https:\/\/i0.wp.com\/escapade-tunisie.com\/voyages\/wp-content\/uploads\/2014\/03\/diar-abou-habibi1.jpg\"><img loading=\"lazy\" decoding=\"async\" data-attachment-id=\"383\" data-permalink=\"https:\/\/escapade-tunisie.com\/voyages\/?attachment_id=383\" data-orig-file=\"https:\/\/i0.wp.com\/escapade-tunisie.com\/voyages\/wp-content\/uploads\/2014\/03\/diar-abou-habibi1.jpg?fit=900%2C600&amp;ssl=1\" data-orig-size=\"900,600\" data-comments-opened=\"1\" data-image-meta=\"{&quot;aperture&quot;:&quot;0&quot;,&quot;credit&quot;:&quot;&quot;,&quot;camera&quot;:&quot;&quot;,&quot;caption&quot;:&quot;&quot;,&quot;created_timestamp&quot;:&quot;0&quot;,&quot;copyright&quot;:&quot;&quot;,&quot;focal_length&quot;:&quot;0&quot;,&quot;iso&quot;:&quot;0&quot;,&quot;shutter_speed&quot;:&quot;0&quot;,&quot;title&quot;:&quot;&quot;}\" data-image-title=\"cabane palmiers\" data-image-description=\"\" data-image-caption=\"\" data-medium-file=\"https:\/\/i0.wp.com\/escapade-tunisie.com\/voyages\/wp-content\/uploads\/2014\/03\/diar-abou-habibi1.jpg?fit=300%2C200&amp;ssl=1\" data-large-file=\"https:\/\/i0.wp.com\/escapade-tunisie.com\/voyages\/wp-content\/uploads\/2014\/03\/diar-abou-habibi1.jpg?fit=545%2C363&amp;ssl=1\" class=\"aligncenter size-full wp-image-383\" alt=\"lodge dans les palmiers\" src=\"https:\/\/i0.wp.com\/escapade-tunisie.com\/voyages\/wp-content\/uploads\/2014\/03\/diar-abou-habibi1.jpg?resize=545%2C363\" width=\"545\" height=\"363\" srcset=\"https:\/\/i0.wp.com\/escapade-tunisie.com\/voyages\/wp-content\/uploads\/2014\/03\/diar-abou-habibi1.jpg?w=900&amp;ssl=1 900w, https:\/\/i0.wp.com\/escapade-tunisie.com\/voyages\/wp-content\/uploads\/2014\/03\/diar-abou-habibi1.jpg?resize=300%2C200&amp;ssl=1 300w, https:\/\/i0.wp.com\/escapade-tunisie.com\/voyages\/wp-content\/uploads\/2014\/03\/diar-abou-habibi1.jpg?resize=220%2C146&amp;ssl=1 220w, https:\/\/i0.wp.com\/escapade-tunisie.com\/voyages\/wp-content\/uploads\/2014\/03\/diar-abou-habibi1.jpg?resize=187%2C124&amp;ssl=1 187w, https:\/\/i0.wp.com\/escapade-tunisie.com\/voyages\/wp-content\/uploads\/2014\/03\/diar-abou-habibi1.jpg?resize=453%2C302&amp;ssl=1 453w, https:\/\/i0.wp.com\/escapade-tunisie.com\/voyages\/wp-content\/uploads\/2014\/03\/diar-abou-habibi1.jpg?resize=140%2C94&amp;ssl=1 140w, https:\/\/i0.wp.com\/escapade-tunisie.com\/voyages\/wp-content\/uploads\/2014\/03\/diar-abou-habibi1.jpg?resize=90%2C60&amp;ssl=1 90w, https:\/\/i0.wp.com\/escapade-tunisie.com\/voyages\/wp-content\/uploads\/2014\/03\/diar-abou-habibi1.jpg?resize=150%2C100&amp;ssl=1 150w\" sizes=\"(max-width: 545px) 100vw, 545px\" data-recalc-dims=\"1\" \/><\/a><\/p>\n<p style=\"text-align: center;\"><em>Petit-d\u00e9jeuner sous les palmiers&#8230;<br \/>\n<\/em><\/p>\n<p>&nbsp;<\/p>\n<h2><strong>Les lodges<br \/>\n<\/strong><\/h2>\n<p>Tous les lodges sont uniques et diff\u00e9remment d\u00e9cor\u00e9s.<\/p>\n<p>Sont disponibles :<\/p>\n<p>&#8211; des lodges pour couple avec une chambre + une salle de bain<\/p>\n<p>&#8211; des lodges pour familles avec 2 chambres + une salle de bain pouvant accueillir jusqu&rsquo;\u00e0 1 couple et 4 enfants<\/p>\n<p>&#8211; un lodge-suite avec 3 chambres \u00e0 l&rsquo;\u00e9tage et salon au rez-de-chauss\u00e9e (avec suppl\u00e9ment)<\/p>\n<p>&nbsp;<\/p>\n<h2><strong>La restauration<\/strong><\/h2>\n<p>Le petit-d\u00e9jeuner est compris dans le prix. Il est \u00e0 pr\u00e9parer soi-m\u00eame avec le mat\u00e9riel et les aliments mis \u00e0 disposition dans le lodge.<\/p>\n<p>Pour les autres repas, 2 possibilit\u00e9s :<\/p>\n<p>&#8211; Prendre ses repas dans le parc d&rsquo;animation \u00ab\u00a0Chak Wak\u00a0\u00bb juste \u00e0 c\u00f4t\u00e9 qui dispose d&rsquo;un restaurant, d&rsquo;un snack et d&rsquo;une pizzeria<\/p>\n<p>&#8211; Se faire livrer des plats r\u00e9gionaux ou tunisiens sur commande<\/p>\n<p>Pour un choix plus large, la ville et ses restaurants sont \u00e0 environ 2 km.<\/p>\n<p>&nbsp;<\/p>\n<h2><strong>Activit\u00e9s<\/strong><\/h2>\n<p><strong>Sur place :<\/strong><\/p>\n<p>&#8211; D\u00e9couvrir et participer \u00e0 la culture de la palmeraie, profiter des r\u00e9coltes (dattes bien s\u00fbr, mais aussi fruits, agrumes et l\u00e9gumes, tous bios), comprendre le syst\u00e8me d&rsquo;irrigation<\/p>\n<p>&#8211; Visiter le parc culturel Chak Wak situ\u00e9 juste \u00e0 c\u00f4t\u00e9 (parcours mus\u00e9ographique payant)<\/p>\n<p><strong>A Tozeur :<\/strong><\/p>\n<ul>\n<li>D\u00e9couverte de la m\u00e9dina<\/li>\n<li>Souk hebdomadaire du dimanche<\/li>\n<li>Visite d&rsquo;une briqueterie traditionnelle<\/li>\n<li>Mus\u00e9s d&rsquo;arts et traditions<\/li>\n<li>Mus\u00e9e du palmier Eden Palm<\/li>\n<li>Accro-branche dans les palmiers<\/li>\n<li>Golf<\/li>\n<li>etc&#8230;<\/li>\n<\/ul>\n<p>&nbsp;<\/p>\n<p style=\"text-align: center;\"><a href=\"https:\/\/i0.wp.com\/escapade-tunisie.com\/voyages\/wp-content\/uploads\/2014\/03\/capture-transat.jpg\"><img loading=\"lazy\" decoding=\"async\" data-attachment-id=\"385\" data-permalink=\"https:\/\/escapade-tunisie.com\/voyages\/?attachment_id=385\" data-orig-file=\"https:\/\/i0.wp.com\/escapade-tunisie.com\/voyages\/wp-content\/uploads\/2014\/03\/capture-transat.jpg?fit=960%2C564&amp;ssl=1\" data-orig-size=\"960,564\" data-comments-opened=\"1\" data-image-meta=\"{&quot;aperture&quot;:&quot;0&quot;,&quot;credit&quot;:&quot;cristi nina&quot;,&quot;camera&quot;:&quot;&quot;,&quot;caption&quot;:&quot;&quot;,&quot;created_timestamp&quot;:&quot;1393785241&quot;,&quot;copyright&quot;:&quot;&quot;,&quot;focal_length&quot;:&quot;0&quot;,&quot;iso&quot;:&quot;0&quot;,&quot;shutter_speed&quot;:&quot;0&quot;,&quot;title&quot;:&quot;&quot;}\" data-image-title=\"sieste palmiers\" data-image-description=\"\" data-image-caption=\"\" data-medium-file=\"https:\/\/i0.wp.com\/escapade-tunisie.com\/voyages\/wp-content\/uploads\/2014\/03\/capture-transat.jpg?fit=300%2C176&amp;ssl=1\" data-large-file=\"https:\/\/i0.wp.com\/escapade-tunisie.com\/voyages\/wp-content\/uploads\/2014\/03\/capture-transat.jpg?fit=545%2C320&amp;ssl=1\" class=\"aligncenter size-full wp-image-385\" alt=\"sieste sous les palmiers\" src=\"https:\/\/i0.wp.com\/escapade-tunisie.com\/voyages\/wp-content\/uploads\/2014\/03\/capture-transat.jpg?resize=545%2C320\" width=\"545\" height=\"320\" srcset=\"https:\/\/i0.wp.com\/escapade-tunisie.com\/voyages\/wp-content\/uploads\/2014\/03\/capture-transat.jpg?w=960&amp;ssl=1 960w, https:\/\/i0.wp.com\/escapade-tunisie.com\/voyages\/wp-content\/uploads\/2014\/03\/capture-transat.jpg?resize=300%2C176&amp;ssl=1 300w, https:\/\/i0.wp.com\/escapade-tunisie.com\/voyages\/wp-content\/uploads\/2014\/03\/capture-transat.jpg?resize=220%2C129&amp;ssl=1 220w, https:\/\/i0.wp.com\/escapade-tunisie.com\/voyages\/wp-content\/uploads\/2014\/03\/capture-transat.jpg?resize=187%2C109&amp;ssl=1 187w, https:\/\/i0.wp.com\/escapade-tunisie.com\/voyages\/wp-content\/uploads\/2014\/03\/capture-transat.jpg?resize=453%2C266&amp;ssl=1 453w, https:\/\/i0.wp.com\/escapade-tunisie.com\/voyages\/wp-content\/uploads\/2014\/03\/capture-transat.jpg?resize=90%2C52&amp;ssl=1 90w, https:\/\/i0.wp.com\/escapade-tunisie.com\/voyages\/wp-content\/uploads\/2014\/03\/capture-transat.jpg?resize=150%2C88&amp;ssl=1 150w\" sizes=\"(max-width: 545px) 100vw, 545px\" data-recalc-dims=\"1\" \/><\/a><em>Juste une sieste&#8230;<\/em><\/p>\n<p>&nbsp;<\/p>\n<h2><strong>Services annexes<\/strong><\/h2>\n<p>Wifi gratuit<\/p>\n<p>A commander \u00e0 la r\u00e9ception (services payants):<\/p>\n<p>&#8211; taxi, transferts<br \/>\n&#8211; cal\u00e8che, v\u00e9los, quads, 4&#215;4 (m\u00eame en self-drive)<br \/>\n&#8211; excursions<\/p>\n<p>&nbsp;<\/p>\n<div class='et-box et-shadow'>\n\t\t\t\t\t<div class='et-box-content'><h2><span style=\"color: #ff6600;\">Demande de r\u00e9servation<\/span><\/h2>\n\n<div class=\"wpcf7 no-js\" id=\"wpcf7-f387-o1\" lang=\"fr-FR\" dir=\"ltr\">\n<div class=\"screen-reader-response\"><p role=\"status\" aria-live=\"polite\" aria-atomic=\"true\"><\/p> <ul><\/ul><\/div>\n<form action=\"\/voyages\/wp-json\/wp\/v2\/product\/375#wpcf7-f387-o1\" method=\"post\" class=\"wpcf7-form init\" aria-label=\"Formulaire de contact\" novalidate=\"novalidate\" data-status=\"init\">\n<div style=\"display: none;\">\n<input type=\"hidden\" name=\"_wpcf7\" value=\"387\" \/>\n<input type=\"hidden\" name=\"_wpcf7_version\" value=\"5.9.3\" \/>\n<input type=\"hidden\" name=\"_wpcf7_locale\" value=\"fr_FR\" \/>\n<input type=\"hidden\" name=\"_wpcf7_unit_tag\" value=\"wpcf7-f387-o1\" \/>\n<input type=\"hidden\" name=\"_wpcf7_container_post\" value=\"0\" \/>\n<input type=\"hidden\" name=\"_wpcf7_posted_data_hash\" value=\"\" \/>\n<input type=\"hidden\" name=\"_wpcf7_recaptcha_response\" value=\"\" \/>\n<\/div>\n<p><span class=\"wpcf7-form-control-wrap\" data-name=\"nom\"><input size=\"40\" class=\"wpcf7-form-control wpcf7-text wpcf7-validates-as-required\" aria-required=\"true\" aria-invalid=\"false\" placeholder=\"Nom *\" value=\"\" type=\"text\" name=\"nom\" \/><\/span>\n<\/p>\n<p><span class=\"wpcf7-form-control-wrap\" data-name=\"email\"><input size=\"40\" class=\"wpcf7-form-control wpcf7-email wpcf7-validates-as-required wpcf7-text wpcf7-validates-as-email\" aria-required=\"true\" aria-invalid=\"false\" placeholder=\"Email *\" value=\"\" type=\"email\" name=\"email\" \/><\/span>\n<\/p>\n<p><span class=\"wpcf7-form-control-wrap\" data-name=\"message\"><textarea cols=\"60\" rows=\"3\" class=\"wpcf7-form-control wpcf7-textarea\" aria-invalid=\"false\" placeholder=\"Message (optionnel)\" name=\"message\"><\/textarea><\/span>\n<\/p>\n<p><input class=\"wpcf7-form-control wpcf7-submit has-spinner\" type=\"submit\" value=\"Envoyer\" \/>\n<\/p><p style=\"display: none !important;\" class=\"akismet-fields-container\" data-prefix=\"_wpcf7_ak_\"><label>&#916;<textarea name=\"_wpcf7_ak_hp_textarea\" cols=\"45\" rows=\"8\" maxlength=\"100\"><\/textarea><\/label><input type=\"hidden\" id=\"ak_js_1\" name=\"_wpcf7_ak_js\" value=\"197\"\/><script>document.getElementById( \"ak_js_1\" ).setAttribute( \"value\", ( new Date() ).getTime() );<\/script><\/p><div class=\"wpcf7-response-output\" aria-hidden=\"true\"><\/div>\n<\/form>\n<\/div>\n\n<p>&nbsp;<\/p>\n<h2><span style=\"color: #ff6600;\">Prix<\/span><\/h2>\n<p>155 \u20ac ou 310 DT par lodge 1 ou 2 chambres pour 1 nuit avec petit-d\u00e9jeuner + 15 \u20ac pour mes prestations<\/p>\n<p>Prix n\u00e9goci\u00e9 2014<\/p>\n<p>Voir le d\u00e9tail des prix dans l&rsquo;onglet \u00ab\u00a0Prix &amp; Conditions\u00a0\u00bb <em>(Cliquez sur la fl\u00e8che verte pour remonter)<\/em><\/p>\n<p>&nbsp;<\/p>\n<h2><span style=\"color: #ff6600;\">S\u00e9jour \u00e0 la carte ?<\/span><\/h2>\n<p>Vous souhaitez un s\u00e9jour plus long ? Un transfert depuis l&rsquo;a\u00e9roport ? Une excursion ? Des souhaits particuliers ? Une autre envie ou m\u00eame un autre h\u00e9bergement ?<\/p>\n<p>C&rsquo;est possible !<\/p>\n<p>Cliquez sur <a href='http:\/\/escapade-tunisie.com\/voyages\/reservation\/' class='small-button smallsilver' target=\"_blank\">R\u00e9server<\/a> et faites moi part de vos envies en compl\u00e9tant le formulaire.<\/p><\/div><\/div>\n<p>&nbsp;<\/p>\n<p>&nbsp;<\/p>\n","protected":false},"excerpt":{"rendered":"<p><strong>S\u00e9jour 1 nuit <\/strong><strong>en lodge de charme dans les palmiers &#8211; Tozeur<\/strong><\/p>\n<p>Une cabane de luxe dans les palmiers. Pour une nuit insolite alliant nature et confort. A faire, en amoureux ou en famille.<\/p>\n<p><strong>Prix par lodge 1 ou 2 chambres + sdb<br \/>\nPrix n\u00e9goci\u00e9 2014<\/strong><\/p>\n","protected":false},"featured_media":376,"comment_status":"open","ping_status":"closed","template":"","meta":[],"product_cat":[38],"product_tag":[21,36],"yoast_head":"<!-- This site is optimized with the Yoast SEO plugin v22.5 - https:\/\/yoast.com\/wordpress\/plugins\/seo\/ -->\n<title>1 nuit dans une cabane dans les palmiers - Escapade-Tunisie.com \/ Voyages<\/title>\n<meta name=\"description\" content=\"Une nuit en cabane dans les palmiers. Lodge de luxe, pour une nuit insolite alliant nature et confort. A faire, en amoureux ou en famille.\" \/>\n<meta name=\"robots\" content=\"index, follow, max-snippet:-1, max-image-preview:large, max-video-preview:-1\" \/>\n<link rel=\"canonical\" href=\"http:\/\/escapade-tunisie.com\/voyages\/escapades\/1-nuit-dans-une-cabane-dans-les-palmiers\/\" \/>\n<meta property=\"og:locale\" content=\"fr_FR\" \/>\n<meta property=\"og:type\" content=\"article\" \/>\n<meta property=\"og:title\" content=\"1 nuit dans une cabane dans les palmiers - Escapade-Tunisie.com \/ Voyages\" \/>\n<meta property=\"og:description\" content=\"Une nuit en cabane dans les palmiers. Lodge de luxe, pour une nuit insolite alliant nature et confort. A faire, en amoureux ou en famille.\" \/>\n<meta property=\"og:url\" content=\"http:\/\/escapade-tunisie.com\/voyages\/escapades\/1-nuit-dans-une-cabane-dans-les-palmiers\/\" \/>\n<meta property=\"og:site_name\" content=\"Escapade-Tunisie.com \/ Voyages\" \/>\n<meta property=\"article:publisher\" content=\"https:\/\/www.facebook.com\/TerraNomadisTunisie\" \/>\n<meta property=\"article:modified_time\" content=\"2014-03-18T12:39:16+00:00\" \/>\n<meta property=\"og:image\" content=\"https:\/\/i0.wp.com\/escapade-tunisie.com\/voyages\/wp-content\/uploads\/2014\/03\/diar-abou-habibi.jpg?fit=960%2C720\" \/>\n\t<meta property=\"og:image:width\" content=\"960\" \/>\n\t<meta property=\"og:image:height\" content=\"720\" \/>\n\t<meta property=\"og:image:type\" content=\"image\/jpeg\" \/>\n<meta name=\"twitter:label1\" content=\"Dur\u00e9e de lecture estim\u00e9e\" \/>\n\t<meta name=\"twitter:data1\" content=\"3 minutes\" \/>\n<script type=\"application\/ld+json\" class=\"yoast-schema-graph\">{\"@context\":\"https:\/\/schema.org\",\"@graph\":[{\"@type\":\"WebPage\",\"@id\":\"http:\/\/escapade-tunisie.com\/voyages\/escapades\/1-nuit-dans-une-cabane-dans-les-palmiers\/\",\"url\":\"http:\/\/escapade-tunisie.com\/voyages\/escapades\/1-nuit-dans-une-cabane-dans-les-palmiers\/\",\"name\":\"1 nuit dans une cabane dans les palmiers - Escapade-Tunisie.com \/ Voyages\",\"isPartOf\":{\"@id\":\"https:\/\/escapade-tunisie.com\/voyages\/#website\"},\"primaryImageOfPage\":{\"@id\":\"http:\/\/escapade-tunisie.com\/voyages\/escapades\/1-nuit-dans-une-cabane-dans-les-palmiers\/#primaryimage\"},\"image\":{\"@id\":\"http:\/\/escapade-tunisie.com\/voyages\/escapades\/1-nuit-dans-une-cabane-dans-les-palmiers\/#primaryimage\"},\"thumbnailUrl\":\"https:\/\/i0.wp.com\/escapade-tunisie.com\/voyages\/wp-content\/uploads\/2014\/03\/diar-abou-habibi.jpg?fit=960%2C720&ssl=1\",\"datePublished\":\"2014-03-02T11:30:31+00:00\",\"dateModified\":\"2014-03-18T12:39:16+00:00\",\"description\":\"Une nuit en cabane dans les palmiers. Lodge de luxe, pour une nuit insolite alliant nature et confort. A faire, en amoureux ou en famille.\",\"breadcrumb\":{\"@id\":\"http:\/\/escapade-tunisie.com\/voyages\/escapades\/1-nuit-dans-une-cabane-dans-les-palmiers\/#breadcrumb\"},\"inLanguage\":\"fr-FR\",\"potentialAction\":[{\"@type\":\"ReadAction\",\"target\":[\"http:\/\/escapade-tunisie.com\/voyages\/escapades\/1-nuit-dans-une-cabane-dans-les-palmiers\/\"]}]},{\"@type\":\"ImageObject\",\"inLanguage\":\"fr-FR\",\"@id\":\"http:\/\/escapade-tunisie.com\/voyages\/escapades\/1-nuit-dans-une-cabane-dans-les-palmiers\/#primaryimage\",\"url\":\"https:\/\/i0.wp.com\/escapade-tunisie.com\/voyages\/wp-content\/uploads\/2014\/03\/diar-abou-habibi.jpg?fit=960%2C720&ssl=1\",\"contentUrl\":\"https:\/\/i0.wp.com\/escapade-tunisie.com\/voyages\/wp-content\/uploads\/2014\/03\/diar-abou-habibi.jpg?fit=960%2C720&ssl=1\",\"width\":960,\"height\":720,\"caption\":\"cabane dans les palmiers\"},{\"@type\":\"BreadcrumbList\",\"@id\":\"http:\/\/escapade-tunisie.com\/voyages\/escapades\/1-nuit-dans-une-cabane-dans-les-palmiers\/#breadcrumb\",\"itemListElement\":[{\"@type\":\"ListItem\",\"position\":1,\"name\":\"Escapade-Tunisie.com\",\"item\":\"https:\/\/escapade-tunisie.com\/voyages\/\"},{\"@type\":\"ListItem\",\"position\":2,\"name\":\"Escapades\",\"item\":\"http:\/\/escapade-tunisie.com\/voyages\/escapades\/\"},{\"@type\":\"ListItem\",\"position\":3,\"name\":\"1 nuit dans une cabane dans les palmiers\"}]},{\"@type\":\"WebSite\",\"@id\":\"https:\/\/escapade-tunisie.com\/voyages\/#website\",\"url\":\"https:\/\/escapade-tunisie.com\/voyages\/\",\"name\":\"Escapade-Tunisie.com \/ Voyages\",\"description\":\"\",\"potentialAction\":[{\"@type\":\"SearchAction\",\"target\":{\"@type\":\"EntryPoint\",\"urlTemplate\":\"https:\/\/escapade-tunisie.com\/voyages\/?s={search_term_string}\"},\"query-input\":\"required name=search_term_string\"}],\"inLanguage\":\"fr-FR\"}]}<\/script>\n<!-- \/ Yoast SEO plugin. -->","yoast_head_json":{"title":"1 nuit dans une cabane dans les palmiers - Escapade-Tunisie.com \/ Voyages","description":"Une nuit en cabane dans les palmiers. Lodge de luxe, pour une nuit insolite alliant nature et confort. A faire, en amoureux ou en famille.","robots":{"index":"index","follow":"follow","max-snippet":"max-snippet:-1","max-image-preview":"max-image-preview:large","max-video-preview":"max-video-preview:-1"},"canonical":"http:\/\/escapade-tunisie.com\/voyages\/escapades\/1-nuit-dans-une-cabane-dans-les-palmiers\/","og_locale":"fr_FR","og_type":"article","og_title":"1 nuit dans une cabane dans les palmiers - Escapade-Tunisie.com \/ Voyages","og_description":"Une nuit en cabane dans les palmiers. Lodge de luxe, pour une nuit insolite alliant nature et confort. A faire, en amoureux ou en famille.","og_url":"http:\/\/escapade-tunisie.com\/voyages\/escapades\/1-nuit-dans-une-cabane-dans-les-palmiers\/","og_site_name":"Escapade-Tunisie.com \/ Voyages","article_publisher":"https:\/\/www.facebook.com\/TerraNomadisTunisie","article_modified_time":"2014-03-18T12:39:16+00:00","og_image":[{"width":960,"height":720,"url":"https:\/\/i0.wp.com\/escapade-tunisie.com\/voyages\/wp-content\/uploads\/2014\/03\/diar-abou-habibi.jpg?fit=960%2C720","type":"image\/jpeg"}],"twitter_misc":{"Dur\u00e9e de lecture estim\u00e9e":"3 minutes"},"schema":{"@context":"https:\/\/schema.org","@graph":[{"@type":"WebPage","@id":"http:\/\/escapade-tunisie.com\/voyages\/escapades\/1-nuit-dans-une-cabane-dans-les-palmiers\/","url":"http:\/\/escapade-tunisie.com\/voyages\/escapades\/1-nuit-dans-une-cabane-dans-les-palmiers\/","name":"1 nuit dans une cabane dans les palmiers - Escapade-Tunisie.com \/ Voyages","isPartOf":{"@id":"https:\/\/escapade-tunisie.com\/voyages\/#website"},"primaryImageOfPage":{"@id":"http:\/\/escapade-tunisie.com\/voyages\/escapades\/1-nuit-dans-une-cabane-dans-les-palmiers\/#primaryimage"},"image":{"@id":"http:\/\/escapade-tunisie.com\/voyages\/escapades\/1-nuit-dans-une-cabane-dans-les-palmiers\/#primaryimage"},"thumbnailUrl":"https:\/\/i0.wp.com\/escapade-tunisie.com\/voyages\/wp-content\/uploads\/2014\/03\/diar-abou-habibi.jpg?fit=960%2C720&ssl=1","datePublished":"2014-03-02T11:30:31+00:00","dateModified":"2014-03-18T12:39:16+00:00","description":"Une nuit en cabane dans les palmiers. Lodge de luxe, pour une nuit insolite alliant nature et confort. A faire, en amoureux ou en famille.","breadcrumb":{"@id":"http:\/\/escapade-tunisie.com\/voyages\/escapades\/1-nuit-dans-une-cabane-dans-les-palmiers\/#breadcrumb"},"inLanguage":"fr-FR","potentialAction":[{"@type":"ReadAction","target":["http:\/\/escapade-tunisie.com\/voyages\/escapades\/1-nuit-dans-une-cabane-dans-les-palmiers\/"]}]},{"@type":"ImageObject","inLanguage":"fr-FR","@id":"http:\/\/escapade-tunisie.com\/voyages\/escapades\/1-nuit-dans-une-cabane-dans-les-palmiers\/#primaryimage","url":"https:\/\/i0.wp.com\/escapade-tunisie.com\/voyages\/wp-content\/uploads\/2014\/03\/diar-abou-habibi.jpg?fit=960%2C720&ssl=1","contentUrl":"https:\/\/i0.wp.com\/escapade-tunisie.com\/voyages\/wp-content\/uploads\/2014\/03\/diar-abou-habibi.jpg?fit=960%2C720&ssl=1","width":960,"height":720,"caption":"cabane dans les palmiers"},{"@type":"BreadcrumbList","@id":"http:\/\/escapade-tunisie.com\/voyages\/escapades\/1-nuit-dans-une-cabane-dans-les-palmiers\/#breadcrumb","itemListElement":[{"@type":"ListItem","position":1,"name":"Escapade-Tunisie.com","item":"https:\/\/escapade-tunisie.com\/voyages\/"},{"@type":"ListItem","position":2,"name":"Escapades","item":"http:\/\/escapade-tunisie.com\/voyages\/escapades\/"},{"@type":"ListItem","position":3,"name":"1 nuit dans une cabane dans les palmiers"}]},{"@type":"WebSite","@id":"https:\/\/escapade-tunisie.com\/voyages\/#website","url":"https:\/\/escapade-tunisie.com\/voyages\/","name":"Escapade-Tunisie.com \/ Voyages","description":"","potentialAction":[{"@type":"SearchAction","target":{"@type":"EntryPoint","urlTemplate":"https:\/\/escapade-tunisie.com\/voyages\/?s={search_term_string}"},"query-input":"required name=search_term_string"}],"inLanguage":"fr-FR"}]}},"jetpack_sharing_enabled":true,"jetpack_likes_enabled":true,"_links":{"self":[{"href":"https:\/\/escapade-tunisie.com\/voyages\/wp-json\/wp\/v2\/product\/375"}],"collection":[{"href":"https:\/\/escapade-tunisie.com\/voyages\/wp-json\/wp\/v2\/product"}],"about":[{"href":"https:\/\/escapade-tunisie.com\/voyages\/wp-json\/wp\/v2\/types\/product"}],"replies":[{"embeddable":true,"href":"https:\/\/escapade-tunisie.com\/voyages\/wp-json\/wp\/v2\/comments?post=375"}],"wp:featuredmedia":[{"embeddable":true,"href":"https:\/\/escapade-tunisie.com\/voyages\/wp-json\/wp\/v2\/media\/376"}],"wp:attachment":[{"href":"https:\/\/escapade-tunisie.com\/voyages\/wp-json\/wp\/v2\/media?parent=375"}],"wp:term":[{"taxonomy":"product_cat","embeddable":true,"href":"https:\/\/escapade-tunisie.com\/voyages\/wp-json\/wp\/v2\/product_cat?post=375"},{"taxonomy":"product_tag","embeddable":true,"href":"https:\/\/escapade-tunisie.com\/voyages\/wp-json\/wp\/v2\/product_tag?post=375"}],"curies":[{"name":"wp","href":"https:\/\/api.w.org\/{rel}","templated":true}]}}