{"id":54,"date":"2013-08-10T16:57:47","date_gmt":"2013-08-10T15:57:47","guid":{"rendered":"http:\/\/escapade-tunisie.com\/voyages\/?post_type=product&#038;p=54"},"modified":"2014-03-18T13:34:06","modified_gmt":"2014-03-18T12:34:06","slug":"kitesurf-a-djerba","status":"publish","type":"product","link":"https:\/\/escapade-tunisie.com\/voyages\/escapades\/kitesurf-a-djerba\/","title":{"rendered":"Kitesurf a Djerba : Stage 3 jours"},"content":{"rendered":"<p><strong>Et pourquoi pas un stage de kitesurf \u00e0 Djerba ?<\/strong><\/p>\n<ul>\n<li>une lagune d&rsquo;eau lisse et peu profonde id\u00e9ale pour apprendre le kitesurf<\/li>\n<li>deux spots o\u00f9 les plus exp\u00e9riment\u00e9s pourront surfer en toute saison<\/li>\n<li>en prime, une eau chaude et du soleil toute l&rsquo;ann\u00e9e !<\/li>\n<\/ul>\n<p>&nbsp;<\/p>\n\n\t\t<div class='et_quote'>\n\t\t\t<div class='et_right_quote'>\n\t\t\t\t<p><a href=\"https:\/\/i0.wp.com\/escapade-tunisie.com\/voyages\/wp-content\/uploads\/2013\/08\/christine-cercle.jpg\"><img loading=\"lazy\" decoding=\"async\" data-attachment-id=\"124\" data-permalink=\"https:\/\/escapade-tunisie.com\/voyages\/?attachment_id=124\" data-orig-file=\"https:\/\/i0.wp.com\/escapade-tunisie.com\/voyages\/wp-content\/uploads\/2013\/08\/christine-cercle.jpg?fit=74%2C74&amp;ssl=1\" data-orig-size=\"74,74\" data-comments-opened=\"1\" data-image-meta=\"{&quot;aperture&quot;:&quot;0&quot;,&quot;credit&quot;:&quot;&quot;,&quot;camera&quot;:&quot;&quot;,&quot;caption&quot;:&quot;&quot;,&quot;created_timestamp&quot;:&quot;0&quot;,&quot;copyright&quot;:&quot;&quot;,&quot;focal_length&quot;:&quot;0&quot;,&quot;iso&quot;:&quot;0&quot;,&quot;shutter_speed&quot;:&quot;0&quot;,&quot;title&quot;:&quot;&quot;}\" data-image-title=\"christine\" data-image-description=\"&lt;p&gt;Christine |Escapade-Tunisie.com&lt;\/p&gt;\n\" data-image-caption=\"\" data-medium-file=\"https:\/\/i0.wp.com\/escapade-tunisie.com\/voyages\/wp-content\/uploads\/2013\/08\/christine-cercle.jpg?fit=74%2C74&amp;ssl=1\" data-large-file=\"https:\/\/i0.wp.com\/escapade-tunisie.com\/voyages\/wp-content\/uploads\/2013\/08\/christine-cercle.jpg?fit=74%2C74&amp;ssl=1\" class=\"alignleft size-full wp-image-124\" alt=\"Christine | Escapade-Tunisie.com\" src=\"https:\/\/i0.wp.com\/escapade-tunisie.com\/voyages\/wp-content\/uploads\/2013\/08\/christine-cercle.jpg?resize=74%2C74\" width=\"74\" height=\"74\" data-recalc-dims=\"1\" \/><\/a> <span style=\"color: #ff6600;\"><em>Un centre de kitesurf s\u00e9lectionn\u00e9 pour son s\u00e9rieux et la qualit\u00e9 de ses cours. <\/em><\/span><\/p>\n<p><span style=\"color: #ff6600;\"><em>Vous n&rsquo;avez jamais fait de kitesurf ? Profitez de votre s\u00e9jour \u00e0 Djerba pour tenter l&rsquo;exp\u00e9rience. Les conditions sont id\u00e9ales. <\/em><\/span><\/p>\n<p><span style=\"color: #ff6600;\"><em>Vous \u00eates d\u00e9j\u00e0 fan ? N&rsquo;attendez pas l&rsquo;\u00e9t\u00e9 ! D\u00e9couvrez toute l&rsquo;ann\u00e9e de nouvelles sensations sous le soleil de Djerba.<\/em><\/span><\/p>\n\t\t\t\t\n\t\t\t<\/div>\n\t\t\t<span class='et_quote_sign'><\/span>\n\t\t<\/div>\n\t\n<p>&nbsp;<\/p>\n<p style=\"text-align: center;\"><a href=\"https:\/\/i0.wp.com\/escapade-tunisie.com\/voyages\/wp-content\/uploads\/2013\/08\/kitesurf.jpg\"><img loading=\"lazy\" decoding=\"async\" data-attachment-id=\"109\" data-permalink=\"https:\/\/escapade-tunisie.com\/voyages\/?attachment_id=109\" data-orig-file=\"https:\/\/i0.wp.com\/escapade-tunisie.com\/voyages\/wp-content\/uploads\/2013\/08\/kitesurf.jpg?fit=960%2C720&amp;ssl=1\" data-orig-size=\"960,720\" data-comments-opened=\"1\" data-image-meta=\"{&quot;aperture&quot;:&quot;0&quot;,&quot;credit&quot;:&quot;&quot;,&quot;camera&quot;:&quot;&quot;,&quot;caption&quot;:&quot;&quot;,&quot;created_timestamp&quot;:&quot;0&quot;,&quot;copyright&quot;:&quot;&quot;,&quot;focal_length&quot;:&quot;0&quot;,&quot;iso&quot;:&quot;0&quot;,&quot;shutter_speed&quot;:&quot;0&quot;,&quot;title&quot;:&quot;&quot;}\" data-image-title=\"kitesurf a djerba\" data-image-description=\"&lt;p&gt;kitesurf a djerba&lt;\/p&gt;\n\" data-image-caption=\"\" data-medium-file=\"https:\/\/i0.wp.com\/escapade-tunisie.com\/voyages\/wp-content\/uploads\/2013\/08\/kitesurf.jpg?fit=300%2C225&amp;ssl=1\" data-large-file=\"https:\/\/i0.wp.com\/escapade-tunisie.com\/voyages\/wp-content\/uploads\/2013\/08\/kitesurf.jpg?fit=545%2C409&amp;ssl=1\" class=\"aligncenter size-full wp-image-109\" alt=\"kitesurf a djerba\" src=\"https:\/\/i0.wp.com\/escapade-tunisie.com\/voyages\/wp-content\/uploads\/2013\/08\/kitesurf.jpg?resize=545%2C409\" width=\"545\" height=\"409\" srcset=\"https:\/\/i0.wp.com\/escapade-tunisie.com\/voyages\/wp-content\/uploads\/2013\/08\/kitesurf.jpg?w=960&amp;ssl=1 960w, https:\/\/i0.wp.com\/escapade-tunisie.com\/voyages\/wp-content\/uploads\/2013\/08\/kitesurf.jpg?resize=300%2C225&amp;ssl=1 300w, https:\/\/i0.wp.com\/escapade-tunisie.com\/voyages\/wp-content\/uploads\/2013\/08\/kitesurf.jpg?resize=220%2C165&amp;ssl=1 220w, https:\/\/i0.wp.com\/escapade-tunisie.com\/voyages\/wp-content\/uploads\/2013\/08\/kitesurf.jpg?resize=187%2C140&amp;ssl=1 187w, https:\/\/i0.wp.com\/escapade-tunisie.com\/voyages\/wp-content\/uploads\/2013\/08\/kitesurf.jpg?resize=453%2C339&amp;ssl=1 453w, https:\/\/i0.wp.com\/escapade-tunisie.com\/voyages\/wp-content\/uploads\/2013\/08\/kitesurf.jpg?resize=90%2C67&amp;ssl=1 90w, https:\/\/i0.wp.com\/escapade-tunisie.com\/voyages\/wp-content\/uploads\/2013\/08\/kitesurf.jpg?resize=150%2C112&amp;ssl=1 150w\" sizes=\"(max-width: 545px) 100vw, 545px\" data-recalc-dims=\"1\" \/><\/a><em>Kitesurf sous le soleil de Djerba&#8230;<\/em><\/p>\n<p>&nbsp;<\/p>\n<h2><strong>Pourquoi Djerba ?<\/strong><\/h2>\n<p>Djerba offre des conditions id\u00e9ales pour pratiquer le kitesurf :<\/p>\n<ul>\n<li>un vent parfait<\/li>\n<li>une eau \u00e0 16\u00b0 en hiver, \u00e0 30\u00b0 en \u00e9t\u00e9<\/li>\n<li>330 jours de soleil dans l&rsquo;ann\u00e9e<\/li>\n<\/ul>\n<p>&nbsp;<\/p>\n<h2><strong>Le centre de kitesurf<\/strong><\/h2>\n<p>Ce centre de formation agr\u00e9\u00e9 dispose de 2 spots priv\u00e9s implant\u00e9s sur une lagune de 32 km\u00b2 \u00e0 l&rsquo;eau lisse et peu profonde, au fond sableux, sans courant ni obstacle.<\/p>\n<p><strong>Il propose toute l&rsquo;ann\u00e9e :<\/strong><\/p>\n<p>&#8211; <strong>des stages de kitesurf<\/strong> d\u00e9butants et exp\u00e9riment\u00e9s<\/p>\n<p>&#8211; <strong>la location et la vente<\/strong> de mat\u00e9riels et accessoires de kitesurf<\/p>\n<p>(Pour les connaisseurs) Mat\u00e9riel utilis\u00e9 : North, F-One, CrasyFly, neuf et renouvel\u00e9 \u00e0 chaque d\u00e9but de saison<\/p>\n<p>Cours en fran\u00e7ais, anglais et arabe<\/p>\n<p>&nbsp;<\/p>\n<h2><strong>Le stage de kitesurf<\/strong><\/h2>\n<p>Stage de 6 heures sur 3 demi-journ\u00e9es de 2 heures<\/p>\n<p>Cours de groupe avec 2 kitesurfers maximum par moniteur.<\/p>\n<p>Le mat\u00e9riel est inclus.<\/p>\n<p>&nbsp;<\/p>\n<h2><strong>Qui peut faire du kitesurf ?<\/strong><\/h2>\n<p>Tout ceux qui savent nager et qui sont en bonne condition physique. Le kitesurf est \u00e0 la port\u00e9e de tous. Pas besoin d&rsquo;avoir de \u00ab\u00a0gros bras\u00a0\u00bb, m\u00eame les enfants peuvent en faire \u00e0 partir de 30 kg.<\/p>\n<p>Un stage de 6 heures suffit pour acqu\u00e9rir les premiers rudiments et \u00eatre autonome.<\/p>\n<p>&nbsp;<\/p>\n<div class='et-box et-shadow'>\n\t\t\t\t\t<div class='et-box-content'><h2><span style=\"color: #ff6600;\">Demande de r\u00e9servation<\/span><\/h2>\n<p style=\"text-align: left;\">\n<div class=\"wpcf7 no-js\" id=\"wpcf7-f185-o1\" lang=\"fr-FR\" dir=\"ltr\">\n<div class=\"screen-reader-response\"><p role=\"status\" aria-live=\"polite\" aria-atomic=\"true\"><\/p> <ul><\/ul><\/div>\n<form action=\"\/voyages\/wp-json\/wp\/v2\/product\/54#wpcf7-f185-o1\" method=\"post\" class=\"wpcf7-form init\" aria-label=\"Formulaire de contact\" novalidate=\"novalidate\" data-status=\"init\">\n<div style=\"display: none;\">\n<input type=\"hidden\" name=\"_wpcf7\" value=\"185\" \/>\n<input type=\"hidden\" name=\"_wpcf7_version\" value=\"5.9.3\" \/>\n<input type=\"hidden\" name=\"_wpcf7_locale\" value=\"fr_FR\" \/>\n<input type=\"hidden\" name=\"_wpcf7_unit_tag\" value=\"wpcf7-f185-o1\" \/>\n<input type=\"hidden\" name=\"_wpcf7_container_post\" value=\"0\" \/>\n<input type=\"hidden\" name=\"_wpcf7_posted_data_hash\" value=\"\" \/>\n<input type=\"hidden\" name=\"_wpcf7_recaptcha_response\" value=\"\" \/>\n<\/div>\n<p><span class=\"wpcf7-form-control-wrap\" data-name=\"nom\"><input size=\"40\" class=\"wpcf7-form-control wpcf7-text wpcf7-validates-as-required\" aria-required=\"true\" aria-invalid=\"false\" placeholder=\"Nom *\" value=\"\" type=\"text\" name=\"nom\" \/><\/span>\n<\/p>\n<p><span class=\"wpcf7-form-control-wrap\" data-name=\"email\"><input size=\"40\" class=\"wpcf7-form-control wpcf7-email wpcf7-validates-as-required wpcf7-text wpcf7-validates-as-email\" aria-required=\"true\" aria-invalid=\"false\" placeholder=\"Email *\" value=\"\" type=\"email\" name=\"email\" \/><\/span>\n<\/p>\n<p><span class=\"wpcf7-form-control-wrap\" data-name=\"message\"><textarea cols=\"60\" rows=\"3\" class=\"wpcf7-form-control wpcf7-textarea\" aria-invalid=\"false\" placeholder=\"Message (optionnel)\" name=\"message\"><\/textarea><\/span>\n<\/p>\n<p><input class=\"wpcf7-form-control wpcf7-submit has-spinner\" type=\"submit\" value=\"Envoyer\" \/>\n<\/p><p style=\"display: none !important;\" class=\"akismet-fields-container\" data-prefix=\"_wpcf7_ak_\"><label>&#916;<textarea name=\"_wpcf7_ak_hp_textarea\" cols=\"45\" rows=\"8\" maxlength=\"100\"><\/textarea><\/label><input type=\"hidden\" id=\"ak_js_1\" name=\"_wpcf7_ak_js\" value=\"162\"\/><script>document.getElementById( \"ak_js_1\" ).setAttribute( \"value\", ( new Date() ).getTime() );<\/script><\/p><div class=\"wpcf7-response-output\" aria-hidden=\"true\"><\/div>\n<\/form>\n<\/div>\n<\/p>\n<p style=\"text-align: left;\">\n<h2><span style=\"color: #ff6600;\">Prix<\/span><\/h2>\n<p>180 \u20ac par personne pour un stage de 3 demi-journ\u00e9es (2 heures par jour), hors h\u00e9bergement + 10 \u20ac pour mes prestations<\/p>\n<p>Prix saison 2013-2014<\/p>\n<p>Voir le d\u00e9tail des prix dans l&rsquo;onglet \u00ab\u00a0Prix &amp; Conditions\u00a0\u00bb <em>(Cliquez sur la fl\u00e8che verte pour remonter)<\/em><\/p>\n<p>&nbsp;<\/p>\n<h2><span style=\"color: #ff6600;\">Kitesurf \u00e0 la carte ?<\/span><\/h2>\n<p>Vous souhaitez juste un cours d\u00e9couverte ? Un stage plus long ? Des cours priv\u00e9s ? Seulement la location du mat\u00e9riel et accessoires ?<\/p>\n<p>Vous voulez r\u00e9server \u00e9galement un h\u00f4tel ou autre h\u00e9bergement ? D&rsquo;autres envies ?<\/p>\n<p>C&rsquo;est possible !<\/p>\n<p>Cliquez sur <a href='http:\/\/escapade-tunisie.com\/voyages\/reservation\/' class='small-button smallsilver' target=\"_blank\">R\u00e9server<\/a> et faites moi part de vos envies en compl\u00e9tant le formulaire.<\/p><\/div><\/div>\n<p>&nbsp;<\/p>\n<div style=\"font-size: 90%; text-align: center;\">\n<p><iframe loading=\"lazy\" src=\"http:\/\/www.zapiks.fr\/index.php?action=playerIframe&amp;media_id=69988&amp;width=640&amp;height=360&amp;autoStart=false\" height=\"360\" width=\"640\" frameborder=\"0\" scrolling=\"no\"><\/iframe><br \/>\n<a title=\"kitesurf Djerba 2012\" href=\"http:\/\/www.zapiks.fr\/kitesurf-djerba-2012.html\">kitesurf Djerba 2012<\/a><\/p>\n<\/div>\n<p><span style=\"color: #808080;\">Cr\u00e9dit Photo : <a href=\"https:\/\/commons.wikimedia.org\/wiki\/User:Simisa\" target=\"_blank\"><span style=\"color: #808080;\">Simisa<\/span><\/a><\/span><\/p>\n","protected":false},"excerpt":{"rendered":"<p>Stage 3 demi-journ\u00e9es de kitesurf \u00e0 Djerba<\/p>\n<p>Une lagune d\u2019eau lisse et peu profonde id\u00e9ale pour apprendre le kitesurf.<br \/>\nDeux spots o\u00f9 les plus exp\u00e9riment\u00e9s pourront surfer en toute saison.<br \/>\nEn prime, une eau chaude et du soleil toute l\u2019ann\u00e9e !<\/p>\n","protected":false},"featured_media":109,"comment_status":"open","ping_status":"closed","template":"","meta":[],"product_cat":[23],"product_tag":[15],"yoast_head":"<!-- This site is optimized with the Yoast SEO plugin v22.5 - https:\/\/yoast.com\/wordpress\/plugins\/seo\/ -->\n<title>Kitesurf a Djerba : Stage 3 jours - Escapade-Tunisie.com \/ Voyages<\/title>\n<meta name=\"description\" content=\"Stage de kitesurf \u00e0 Djerba - 3 demi-journ\u00e9es. Une lagune d\u2019eau lisse et peu profonde id\u00e9ale pour apprendre le kitesurf. Deux spots o\u00f9 les plus exp\u00e9riment\u00e9s pourront surfer en toute saison. En prime, une eau chaude et du soleil toute l\u2019ann\u00e9e !\" \/>\n<meta name=\"robots\" content=\"index, follow, max-snippet:-1, max-image-preview:large, max-video-preview:-1\" \/>\n<link rel=\"canonical\" href=\"https:\/\/escapade-tunisie.com\/voyages\/escapades\/kitesurf-a-djerba\/\" \/>\n<meta property=\"og:locale\" content=\"fr_FR\" \/>\n<meta property=\"og:type\" content=\"article\" \/>\n<meta property=\"og:title\" content=\"Kitesurf a Djerba : Stage 3 jours - Escapade-Tunisie.com \/ Voyages\" \/>\n<meta property=\"og:description\" content=\"Stage de kitesurf \u00e0 Djerba - 3 demi-journ\u00e9es. Une lagune d\u2019eau lisse et peu profonde id\u00e9ale pour apprendre le kitesurf. Deux spots o\u00f9 les plus exp\u00e9riment\u00e9s pourront surfer en toute saison. En prime, une eau chaude et du soleil toute l\u2019ann\u00e9e !\" \/>\n<meta property=\"og:url\" content=\"https:\/\/escapade-tunisie.com\/voyages\/escapades\/kitesurf-a-djerba\/\" \/>\n<meta property=\"og:site_name\" content=\"Escapade-Tunisie.com \/ Voyages\" \/>\n<meta property=\"article:publisher\" content=\"https:\/\/www.facebook.com\/TerraNomadisTunisie\" \/>\n<meta property=\"article:modified_time\" content=\"2014-03-18T12:34:06+00:00\" \/>\n<meta property=\"og:image\" content=\"https:\/\/i0.wp.com\/escapade-tunisie.com\/voyages\/wp-content\/uploads\/2013\/08\/kitesurf.jpg?fit=960%2C720&ssl=1\" \/>\n\t<meta property=\"og:image:width\" content=\"960\" \/>\n\t<meta property=\"og:image:height\" content=\"720\" \/>\n\t<meta property=\"og:image:type\" content=\"image\/jpeg\" \/>\n<meta name=\"twitter:label1\" content=\"Dur\u00e9e de lecture estim\u00e9e\" \/>\n\t<meta name=\"twitter:data1\" content=\"2 minutes\" \/>\n<script type=\"application\/ld+json\" class=\"yoast-schema-graph\">{\"@context\":\"https:\/\/schema.org\",\"@graph\":[{\"@type\":\"WebPage\",\"@id\":\"https:\/\/escapade-tunisie.com\/voyages\/escapades\/kitesurf-a-djerba\/\",\"url\":\"https:\/\/escapade-tunisie.com\/voyages\/escapades\/kitesurf-a-djerba\/\",\"name\":\"Kitesurf a Djerba : Stage 3 jours - Escapade-Tunisie.com \/ Voyages\",\"isPartOf\":{\"@id\":\"https:\/\/escapade-tunisie.com\/voyages\/#website\"},\"primaryImageOfPage\":{\"@id\":\"https:\/\/escapade-tunisie.com\/voyages\/escapades\/kitesurf-a-djerba\/#primaryimage\"},\"image\":{\"@id\":\"https:\/\/escapade-tunisie.com\/voyages\/escapades\/kitesurf-a-djerba\/#primaryimage\"},\"thumbnailUrl\":\"https:\/\/i0.wp.com\/escapade-tunisie.com\/voyages\/wp-content\/uploads\/2013\/08\/kitesurf.jpg?fit=960%2C720&ssl=1\",\"datePublished\":\"2013-08-10T15:57:47+00:00\",\"dateModified\":\"2014-03-18T12:34:06+00:00\",\"description\":\"Stage de kitesurf \u00e0 Djerba - 3 demi-journ\u00e9es. Une lagune d\u2019eau lisse et peu profonde id\u00e9ale pour apprendre le kitesurf. Deux spots o\u00f9 les plus exp\u00e9riment\u00e9s pourront surfer en toute saison. En prime, une eau chaude et du soleil toute l\u2019ann\u00e9e !\",\"breadcrumb\":{\"@id\":\"https:\/\/escapade-tunisie.com\/voyages\/escapades\/kitesurf-a-djerba\/#breadcrumb\"},\"inLanguage\":\"fr-FR\",\"potentialAction\":[{\"@type\":\"ReadAction\",\"target\":[\"https:\/\/escapade-tunisie.com\/voyages\/escapades\/kitesurf-a-djerba\/\"]}]},{\"@type\":\"ImageObject\",\"inLanguage\":\"fr-FR\",\"@id\":\"https:\/\/escapade-tunisie.com\/voyages\/escapades\/kitesurf-a-djerba\/#primaryimage\",\"url\":\"https:\/\/i0.wp.com\/escapade-tunisie.com\/voyages\/wp-content\/uploads\/2013\/08\/kitesurf.jpg?fit=960%2C720&ssl=1\",\"contentUrl\":\"https:\/\/i0.wp.com\/escapade-tunisie.com\/voyages\/wp-content\/uploads\/2013\/08\/kitesurf.jpg?fit=960%2C720&ssl=1\",\"width\":960,\"height\":720,\"caption\":\"kitesurf a djerba\"},{\"@type\":\"BreadcrumbList\",\"@id\":\"https:\/\/escapade-tunisie.com\/voyages\/escapades\/kitesurf-a-djerba\/#breadcrumb\",\"itemListElement\":[{\"@type\":\"ListItem\",\"position\":1,\"name\":\"Escapade-Tunisie.com\",\"item\":\"https:\/\/escapade-tunisie.com\/voyages\/\"},{\"@type\":\"ListItem\",\"position\":2,\"name\":\"Escapades\",\"item\":\"https:\/\/escapade-tunisie.com\/voyages\/escapades\/\"},{\"@type\":\"ListItem\",\"position\":3,\"name\":\"Kitesurf a Djerba : Stage 3 jours\"}]},{\"@type\":\"WebSite\",\"@id\":\"https:\/\/escapade-tunisie.com\/voyages\/#website\",\"url\":\"https:\/\/escapade-tunisie.com\/voyages\/\",\"name\":\"Escapade-Tunisie.com \/ Voyages\",\"description\":\"\",\"potentialAction\":[{\"@type\":\"SearchAction\",\"target\":{\"@type\":\"EntryPoint\",\"urlTemplate\":\"https:\/\/escapade-tunisie.com\/voyages\/?s={search_term_string}\"},\"query-input\":\"required name=search_term_string\"}],\"inLanguage\":\"fr-FR\"}]}<\/script>\n<!-- \/ Yoast SEO plugin. -->","yoast_head_json":{"title":"Kitesurf a Djerba : Stage 3 jours - Escapade-Tunisie.com \/ Voyages","description":"Stage de kitesurf \u00e0 Djerba - 3 demi-journ\u00e9es. Une lagune d\u2019eau lisse et peu profonde id\u00e9ale pour apprendre le kitesurf. Deux spots o\u00f9 les plus exp\u00e9riment\u00e9s pourront surfer en toute saison. En prime, une eau chaude et du soleil toute l\u2019ann\u00e9e !","robots":{"index":"index","follow":"follow","max-snippet":"max-snippet:-1","max-image-preview":"max-image-preview:large","max-video-preview":"max-video-preview:-1"},"canonical":"https:\/\/escapade-tunisie.com\/voyages\/escapades\/kitesurf-a-djerba\/","og_locale":"fr_FR","og_type":"article","og_title":"Kitesurf a Djerba : Stage 3 jours - Escapade-Tunisie.com \/ Voyages","og_description":"Stage de kitesurf \u00e0 Djerba - 3 demi-journ\u00e9es. Une lagune d\u2019eau lisse et peu profonde id\u00e9ale pour apprendre le kitesurf. Deux spots o\u00f9 les plus exp\u00e9riment\u00e9s pourront surfer en toute saison. En prime, une eau chaude et du soleil toute l\u2019ann\u00e9e !","og_url":"https:\/\/escapade-tunisie.com\/voyages\/escapades\/kitesurf-a-djerba\/","og_site_name":"Escapade-Tunisie.com \/ Voyages","article_publisher":"https:\/\/www.facebook.com\/TerraNomadisTunisie","article_modified_time":"2014-03-18T12:34:06+00:00","og_image":[{"width":960,"height":720,"url":"https:\/\/i0.wp.com\/escapade-tunisie.com\/voyages\/wp-content\/uploads\/2013\/08\/kitesurf.jpg?fit=960%2C720&ssl=1","type":"image\/jpeg"}],"twitter_misc":{"Dur\u00e9e de lecture estim\u00e9e":"2 minutes"},"schema":{"@context":"https:\/\/schema.org","@graph":[{"@type":"WebPage","@id":"https:\/\/escapade-tunisie.com\/voyages\/escapades\/kitesurf-a-djerba\/","url":"https:\/\/escapade-tunisie.com\/voyages\/escapades\/kitesurf-a-djerba\/","name":"Kitesurf a Djerba : Stage 3 jours - Escapade-Tunisie.com \/ Voyages","isPartOf":{"@id":"https:\/\/escapade-tunisie.com\/voyages\/#website"},"primaryImageOfPage":{"@id":"https:\/\/escapade-tunisie.com\/voyages\/escapades\/kitesurf-a-djerba\/#primaryimage"},"image":{"@id":"https:\/\/escapade-tunisie.com\/voyages\/escapades\/kitesurf-a-djerba\/#primaryimage"},"thumbnailUrl":"https:\/\/i0.wp.com\/escapade-tunisie.com\/voyages\/wp-content\/uploads\/2013\/08\/kitesurf.jpg?fit=960%2C720&ssl=1","datePublished":"2013-08-10T15:57:47+00:00","dateModified":"2014-03-18T12:34:06+00:00","description":"Stage de kitesurf \u00e0 Djerba - 3 demi-journ\u00e9es. Une lagune d\u2019eau lisse et peu profonde id\u00e9ale pour apprendre le kitesurf. Deux spots o\u00f9 les plus exp\u00e9riment\u00e9s pourront surfer en toute saison. En prime, une eau chaude et du soleil toute l\u2019ann\u00e9e !","breadcrumb":{"@id":"https:\/\/escapade-tunisie.com\/voyages\/escapades\/kitesurf-a-djerba\/#breadcrumb"},"inLanguage":"fr-FR","potentialAction":[{"@type":"ReadAction","target":["https:\/\/escapade-tunisie.com\/voyages\/escapades\/kitesurf-a-djerba\/"]}]},{"@type":"ImageObject","inLanguage":"fr-FR","@id":"https:\/\/escapade-tunisie.com\/voyages\/escapades\/kitesurf-a-djerba\/#primaryimage","url":"https:\/\/i0.wp.com\/escapade-tunisie.com\/voyages\/wp-content\/uploads\/2013\/08\/kitesurf.jpg?fit=960%2C720&ssl=1","contentUrl":"https:\/\/i0.wp.com\/escapade-tunisie.com\/voyages\/wp-content\/uploads\/2013\/08\/kitesurf.jpg?fit=960%2C720&ssl=1","width":960,"height":720,"caption":"kitesurf a djerba"},{"@type":"BreadcrumbList","@id":"https:\/\/escapade-tunisie.com\/voyages\/escapades\/kitesurf-a-djerba\/#breadcrumb","itemListElement":[{"@type":"ListItem","position":1,"name":"Escapade-Tunisie.com","item":"https:\/\/escapade-tunisie.com\/voyages\/"},{"@type":"ListItem","position":2,"name":"Escapades","item":"https:\/\/escapade-tunisie.com\/voyages\/escapades\/"},{"@type":"ListItem","position":3,"name":"Kitesurf a Djerba : Stage 3 jours"}]},{"@type":"WebSite","@id":"https:\/\/escapade-tunisie.com\/voyages\/#website","url":"https:\/\/escapade-tunisie.com\/voyages\/","name":"Escapade-Tunisie.com \/ Voyages","description":"","potentialAction":[{"@type":"SearchAction","target":{"@type":"EntryPoint","urlTemplate":"https:\/\/escapade-tunisie.com\/voyages\/?s={search_term_string}"},"query-input":"required name=search_term_string"}],"inLanguage":"fr-FR"}]}},"jetpack_sharing_enabled":true,"jetpack_likes_enabled":true,"_links":{"self":[{"href":"https:\/\/escapade-tunisie.com\/voyages\/wp-json\/wp\/v2\/product\/54"}],"collection":[{"href":"https:\/\/escapade-tunisie.com\/voyages\/wp-json\/wp\/v2\/product"}],"about":[{"href":"https:\/\/escapade-tunisie.com\/voyages\/wp-json\/wp\/v2\/types\/product"}],"replies":[{"embeddable":true,"href":"https:\/\/escapade-tunisie.com\/voyages\/wp-json\/wp\/v2\/comments?post=54"}],"wp:featuredmedia":[{"embeddable":true,"href":"https:\/\/escapade-tunisie.com\/voyages\/wp-json\/wp\/v2\/media\/109"}],"wp:attachment":[{"href":"https:\/\/escapade-tunisie.com\/voyages\/wp-json\/wp\/v2\/media?parent=54"}],"wp:term":[{"taxonomy":"product_cat","embeddable":true,"href":"https:\/\/escapade-tunisie.com\/voyages\/wp-json\/wp\/v2\/product_cat?post=54"},{"taxonomy":"product_tag","embeddable":true,"href":"https:\/\/escapade-tunisie.com\/voyages\/wp-json\/wp\/v2\/product_tag?post=54"}],"curies":[{"name":"wp","href":"https:\/\/api.w.org\/{rel}","templated":true}]}}